{"id":3336,"date":"2025-06-06T17:08:29","date_gmt":"2025-06-06T10:08:29","guid":{"rendered":"http:\/\/demo.garminvietnam.vn\/?post_type=product&#038;p=3336"},"modified":"2025-09-15T10:20:59","modified_gmt":"2025-09-15T03:20:59","slug":"garmin-drivesmart-66","status":"publish","type":"product","link":"https:\/\/gpsgarmin.vn\/?product=garmin-drivesmart-66","title":{"rendered":"Garmin DriveSmart 66"},"content":{"rendered":"<h2 data-sourcepos=\"5:1-5:60\">Garmin <a href=\"https:\/\/gpsgarmin.vn\/?product=garmin-drivesmart-66\">DriveSmart 66<\/a>: \u0110\u1ed3ng H\u00e0nh An To\u00e0n Tr\u00ean M\u1ecdi Chuy\u1ebfn \u0110i<\/h2>\n<p data-sourcepos=\"9:1-9:413\">B\u1ea1n \u0111ang t\u00ecm ki\u1ebfm m\u1ed9t thi\u1ebft b\u1ecb ghi h\u00ecnh h\u00e0nh tr\u00ecnh th\u00f4ng minh, \u0111\u00e1ng tin c\u1eady v\u00e0 t\u00edch h\u1ee3p \u0111\u1ea7y \u0111\u1ee7 c\u00e1c t\u00ednh n\u0103ng h\u1ed7 tr\u1ee3 l\u00e1i xe an to\u00e0n? <strong>Garmin <a href=\"https:\/\/gpsgarmin.vn\/?product=garmin-drivesmart-66\">DriveSmart 66<\/a><\/strong> ch\u00ednh l\u00e0 l\u1ef1a ch\u1ecdn ho\u00e0n h\u1ea3o d\u00e0nh cho b\u1ea1n. \u0110\u01b0\u1ee3c thi\u1ebft k\u1ebf \u0111\u1ec3 mang l\u1ea1i s\u1ef1 an t\u00e2m t\u1ed1i \u0111a tr\u00ean m\u1ecdi cung \u0111\u01b0\u1eddng, <a href=\"https:\/\/gpsgarmin.vn\/?product=garmin-drivesmart-66\">DriveSmart 66<\/a> kh\u00f4ng ch\u1ec9 l\u00e0 m\u1ed9t chi\u1ebfc camera h\u00e0nh tr\u00ecnh th\u00f4ng th\u01b0\u1eddng m\u00e0 c\u00f2n l\u00e0 m\u1ed9t &#8220;ng\u01b0\u1eddi b\u1ea1n \u0111\u01b0\u1eddng&#8221; th\u00f4ng minh, c\u1ea3nh b\u00e1o v\u00e0 h\u1ed7 tr\u1ee3 b\u1ea1n l\u00e1i xe an to\u00e0n h\u01a1n<\/p>\n<div class=\"app__img-banner app__life-style__img-con\"><img decoding=\"async\" class=\"app__img-banner__img app__img-banner__img--desktop\" src=\"https:\/\/res.garmin.com\/en\/products\/010-02469-00\/g\/40405-D-1-4708f67f-f961-4e94-8e48-f2a5f42d4c98.jpg\" alt=\"\" \/><\/div>\n<h3 data-sourcepos=\"11:1-11:40\">Ghi H\u00ecnh S\u1eafc N\u00e9t, G\u00f3c R\u1ed9ng To\u00e0n Di\u1ec7n<\/h3>\n<p data-sourcepos=\"13:1-13:418\">V\u1edbi ch\u1ea5t l\u01b0\u1ee3ng video <strong>Full HD 1080p<\/strong> r\u00f5 n\u00e9t, Garmin <a href=\"https:\/\/gpsgarmin.vn\/?product=garmin-drivesmart-66\">DriveSmart 66<\/a> ghi l\u1ea1i m\u1ecdi chi ti\u1ebft tr\u00ean \u0111\u01b0\u1eddng v\u1edbi \u0111\u1ed9 ph\u00e2n gi\u1ea3i cao, ngay c\u1ea3 trong \u0111i\u1ec1u ki\u1ec7n \u00e1nh s\u00e1ng y\u1ebfu. \u1ed0ng k\u00ednh g\u00f3c si\u00eau r\u1ed9ng <strong>140 \u0111\u1ed9<\/strong> cho ph\u00e9p bao qu\u00e1t to\u00e0n b\u1ed9 khung c\u1ea3nh ph\u00eda tr\u01b0\u1edbc, \u0111\u1ea3m b\u1ea3o kh\u00f4ng b\u1ecf l\u1ee1 b\u1ea5t k\u1ef3 kho\u1ea3nh kh\u1eafc quan tr\u1ecdng n\u00e0o. M\u1ecdi c\u1ea3nh quay \u0111\u1ec1u \u0111\u01b0\u1ee3c l\u01b0u tr\u1eef t\u1ef1 \u0111\u1ed9ng v\u00e0o <strong>th\u1ebb nh\u1edb microSD\u2122<\/strong> (\u0111i k\u00e8m s\u1ea3n ph\u1ea9m), gi\u00fap b\u1ea1n d\u1ec5 d\u00e0ng xem l\u1ea1i khi c\u1ea7n thi\u1ebft.<\/p>\n<h3 data-sourcepos=\"15:1-15:43\">T\u00ednh N\u0103ng H\u1ed7 Tr\u1ee3 L\u00e1i Xe N\u00e2ng Cao (ADAS)<\/h3>\n<p data-sourcepos=\"17:1-17:141\">Garmin <a href=\"https:\/\/gpsgarmin.vn\/?product=garmin-drivesmart-66\">DriveSmart 66<\/a> \u0111\u01b0\u1ee3c trang b\u1ecb b\u1ed9 t\u00ednh n\u0103ng h\u1ed7 tr\u1ee3 l\u00e1i xe ti\u00ean ti\u1ebfn (ADAS) gi\u00fap n\u00e2ng cao nh\u1eadn th\u1ee9c t\u00ecnh hu\u1ed1ng v\u00e0 gi\u1ea3m thi\u1ec3u r\u1ee7i ro va ch\u1ea1m:<\/p>\n<ul data-sourcepos=\"19:1-24:0\">\n<li data-sourcepos=\"19:1-19:90\"><strong>C\u1ea3nh b\u00e1o va ch\u1ea1m ph\u00eda tr\u01b0\u1edbc:<\/strong> C\u1ea3nh b\u00e1o b\u1ea1n khi kho\u1ea3ng c\u00e1ch v\u1edbi xe ph\u00eda tr\u01b0\u1edbc qu\u00e1 g\u1ea7n.<\/li>\n<li data-sourcepos=\"20:1-20:85\"><strong>C\u1ea3nh b\u00e1o ch\u1ec7ch l\u00e0n \u0111\u01b0\u1eddng:<\/strong> B\u00e1o hi\u1ec7u khi b\u1ea1n l\u00e1i xe l\u1ec7ch kh\u1ecfi l\u00e0n \u0111\u01b0\u1eddng c\u1ee7a m\u00ecnh.<\/li>\n<li data-sourcepos=\"21:1-21:107\"><strong>C\u1ea3nh b\u00e1o di chuy\u1ec3n giao th\u00f4ng:<\/strong> Th\u00f4ng b\u00e1o cho b\u1ea1n bi\u1ebft khi giao th\u00f4ng ph\u00eda tr\u01b0\u1edbc \u0111\u00e3 b\u1eaft \u0111\u1ea7u di chuy\u1ec3n.<\/li>\n<li data-sourcepos=\"22:1-22:179\"><strong>C\u1ea3nh b\u00e1o \u0111i\u1ec3m m\u00f9:<\/strong> (L\u01b0u \u00fd: T\u00ednh n\u0103ng n\u00e0y th\u01b0\u1eddng c\u1ea7n ph\u1ee5 ki\u1ec7n b\u1ed5 sung ho\u1eb7c t\u00edch h\u1ee3p v\u1edbi h\u1ec7 th\u1ed1ng xe. N\u1ebfu DriveSmart 66 \u0111\u1ed9c l\u1eadp kh\u00f4ng c\u00f3, b\u1ea1n c\u00f3 th\u1ec3 c\u00e2n nh\u1eafc b\u1ecf qua ho\u1eb7c l\u00e0m r\u00f5).<\/li>\n<li data-sourcepos=\"23:1-24:0\"><strong>Garmin Real Vision\u2122:<\/strong> Khi \u0111\u1ebfn g\u1ea7n \u0111\u00edch, thi\u1ebft b\u1ecb s\u1ebd chuy\u1ec3n sang ch\u1ebf \u0111\u1ed9 camera, hi\u1ec3n th\u1ecb r\u00f5 r\u00e0ng \u0111\u01b0\u1eddng \u0111i v\u00e0 c\u00e1c \u0111i\u1ec3m \u0111\u1ebfn n\u1ed5i b\u1eadt v\u1edbi m\u1ed9t m\u0169i t\u00ean ch\u1ec9 d\u1eabn.<\/li>\n<\/ul>\n<h3 data-sourcepos=\"25:1-25:38\">\u0110i\u1ec1u Khi\u1ec3n B\u1eb1ng Gi\u1ecdng N\u00f3i Ti\u1ec7n L\u1ee3i<\/h3>\n<p data-sourcepos=\"27:1-27:270\">Gi\u1eef tay b\u1ea1n tr\u00ean v\u00f4 l\u0103ng v\u00e0 m\u1eaft nh\u00ecn v\u1ec1 ph\u00eda tr\u01b0\u1edbc v\u1edbi t\u00ednh n\u0103ng \u0111i\u1ec1u khi\u1ec3n b\u1eb1ng gi\u1ecdng n\u00f3i ti\u1ec7n l\u1ee3i. Ch\u1ec9 c\u1ea7n n\u00f3i c\u00e1c l\u1ec7nh nh\u01b0 &#8220;OK Garmin, l\u01b0u video,&#8221; ho\u1eb7c &#8220;OK Garmin, ch\u1ee5p \u1ea3nh,&#8221; DriveSmart 66 s\u1ebd th\u1ef1c hi\u1ec7n theo y\u00eau c\u1ea7u c\u1ee7a b\u1ea1n, gi\u00fap b\u1ea1n t\u1eadp trung ho\u00e0n to\u00e0n v\u00e0o vi\u1ec7c l\u00e1i xe.<\/p>\n<h3 data-sourcepos=\"29:1-29:37\">T\u00edch H\u1ee3p GPS V\u00e0 C\u1eadp Nh\u1eadt Li\u00ean T\u1ee5c<\/h3>\n<p data-sourcepos=\"31:1-31:342\">GPS t\u00edch h\u1ee3p s\u1eb5n gi\u00fap ghi l\u1ea1i v\u1ecb tr\u00ed, t\u1ed1c \u0111\u1ed9 v\u00e0 th\u1eddi gian c\u1ee7a b\u1ea1n, cung c\u1ea5p b\u1eb1ng ch\u1ee9ng ch\u00ednh x\u00e1c trong tr\u01b0\u1eddng h\u1ee3p x\u1ea3y ra s\u1ef1 c\u1ed1. Ngo\u00e0i ra, <a href=\"https:\/\/gpsgarmin.vn\/?product=garmin-drivesmart-66\">DriveSmart 66<\/a> c\u00f2n c\u00f3 kh\u1ea3 n\u0103ng c\u1eadp nh\u1eadt c\u01a1 s\u1edf d\u1eef li\u1ec7u v\u1ec1 camera giao th\u00f4ng v\u00e0 \u0111\u00e8n giao th\u00f4ng th\u00f4ng minh th\u00f4ng qua \u1ee9ng d\u1ee5ng Garmin Drive tr\u00ean \u0111i\u1ec7n tho\u1ea1i th\u00f4ng minh, gi\u00fap b\u1ea1n lu\u00f4n nh\u1eadn \u0111\u01b0\u1ee3c th\u00f4ng tin m\u1edbi nh\u1ea5t.<\/p>\n<h3 data-sourcepos=\"33:1-33:32\">Thi\u1ebft K\u1ebf Nh\u1ecf G\u1ecdn, D\u1ec5 L\u1eafp \u0110\u1eb7t<\/h3>\n<p data-sourcepos=\"35:1-35:216\">V\u1edbi thi\u1ebft k\u1ebf nh\u1ecf g\u1ecdn, Garmin <a href=\"https:\/\/gpsgarmin.vn\/?product=garmin-drivesmart-66\">DriveSmart 66<\/a> kh\u00f4ng g\u00e2y c\u1ea3n tr\u1edf t\u1ea7m nh\u00ecn v\u00e0 d\u1ec5 d\u00e0ng l\u1eafp \u0111\u1eb7t l\u00ean k\u00ednh ch\u1eafn gi\u00f3 c\u1ee7a xe b\u1ea1n. Giao di\u1ec7n tr\u1ef1c quan v\u00e0 m\u00e0n h\u00ecnh c\u1ea3m \u1ee9ng r\u00f5 n\u00e9t gi\u00fap vi\u1ec7c thao t\u00e1c tr\u1edf n\u00ean \u0111\u01a1n gi\u1ea3n h\u01a1n bao gi\u1edd h\u1ebft.<\/p>\n<div class=\"app__img-banner app__life-style__img-con\"><img decoding=\"async\" class=\"app__img-banner__img app__img-banner__img--desktop\" src=\"https:\/\/res.garmin.com\/en\/products\/010-02469-00\/g\/40405-D-2-07765709-417d-4c96-bc58-fedb0fcfd7a7.jpg\" alt=\"\" \/><\/div>\n<h3 data-sourcepos=\"37:1-37:41\">T\u1ea1i Sao N\u00ean Ch\u1ecdn Garmin <a href=\"https:\/\/gpsgarmin.vn\/?product=garmin-drivesmart-66\">DriveSmart 66<\/a>?<\/h3>\n<ul data-sourcepos=\"39:1-43:0\">\n<li data-sourcepos=\"39:1-39:62\"><strong>An to\u00e0n h\u00e0ng \u0111\u1ea7u:<\/strong> T\u00edch h\u1ee3p c\u00e1c c\u1ea3nh b\u00e1o ADAS th\u00f4ng minh.<\/li>\n<li data-sourcepos=\"40:1-40:64\"><strong>Ghi h\u00ecnh ch\u1ea5t l\u01b0\u1ee3ng cao:<\/strong> Full HD 1080p v\u00e0 g\u00f3c r\u1ed9ng 140 \u0111\u1ed9.<\/li>\n<li data-sourcepos=\"41:1-41:58\"><strong>Ti\u1ec7n l\u1ee3i:<\/strong> \u0110i\u1ec1u khi\u1ec3n b\u1eb1ng gi\u1ecdng n\u00f3i v\u00e0 GPS t\u00edch h\u1ee3p.<\/li>\n<li data-sourcepos=\"42:1-43:0\"><strong>Th\u01b0\u01a1ng hi\u1ec7u uy t\u00edn:<\/strong> S\u1ea3n ph\u1ea9m t\u1eeb Garmin, h\u00e3ng c\u00f4ng ngh\u1ec7 h\u00e0ng \u0111\u1ea7u v\u1ec1 \u0111\u1ecbnh v\u1ecb v\u00e0 thi\u1ebft b\u1ecb di \u0111\u1ed9ng.<\/li>\n<\/ul>\n","protected":false},"excerpt":{"rendered":"<p><strong>\u2282\u2329 B\u1ea2O H\u00c0NH CH\u00cdNH H\u00c3NG 2 N\u0102M \u232a\u2283<\/strong><\/p>\n<p><strong>\u260e Li\u00ean h\u1ec7 t\u01b0 v\u1ea5n : 0972 658 351 \u2013\u00a0 0962 846 820 (g\u1ecdi tr\u1ef1c ti\u1ebfp ho\u1eb7c Zalo).<\/strong><\/p>\n","protected":false},"featured_media":3337,"comment_status":"open","ping_status":"closed","template":"","meta":[],"product_cat":[36],"product_tag":[],"class_list":{"0":"post-3336","1":"product","2":"type-product","3":"status-publish","4":"has-post-thumbnail","6":"product_cat-gps-dan-duong-oto","8":"first","9":"instock","10":"featured","11":"shipping-taxable","12":"purchasable","13":"product-type-simple"},"_links":{"self":[{"href":"https:\/\/gpsgarmin.vn\/index.php?rest_route=\/wp\/v2\/product\/3336","targetHints":{"allow":["GET"]}}],"collection":[{"href":"https:\/\/gpsgarmin.vn\/index.php?rest_route=\/wp\/v2\/product"}],"about":[{"href":"https:\/\/gpsgarmin.vn\/index.php?rest_route=\/wp\/v2\/types\/product"}],"replies":[{"embeddable":true,"href":"https:\/\/gpsgarmin.vn\/index.php?rest_route=%2Fwp%2Fv2%2Fcomments&post=3336"}],"version-history":[{"count":7,"href":"https:\/\/gpsgarmin.vn\/index.php?rest_route=\/wp\/v2\/product\/3336\/revisions"}],"predecessor-version":[{"id":5033,"href":"https:\/\/gpsgarmin.vn\/index.php?rest_route=\/wp\/v2\/product\/3336\/revisions\/5033"}],"wp:featuredmedia":[{"embeddable":true,"href":"https:\/\/gpsgarmin.vn\/index.php?rest_route=\/wp\/v2\/media\/3337"}],"wp:attachment":[{"href":"https:\/\/gpsgarmin.vn\/index.php?rest_route=%2Fwp%2Fv2%2Fmedia&parent=3336"}],"wp:term":[{"taxonomy":"product_cat","embeddable":true,"href":"https:\/\/gpsgarmin.vn\/index.php?rest_route=%2Fwp%2Fv2%2Fproduct_cat&post=3336"},{"taxonomy":"product_tag","embeddable":true,"href":"https:\/\/gpsgarmin.vn\/index.php?rest_route=%2Fwp%2Fv2%2Fproduct_tag&post=3336"}],"curies":[{"name":"wp","href":"https:\/\/api.w.org\/{rel}","templated":true}]}}