{"id":3313,"date":"2025-06-06T09:52:14","date_gmt":"2025-06-06T02:52:14","guid":{"rendered":"http:\/\/demo.garminvietnam.vn\/?post_type=product&#038;p=3313"},"modified":"2025-09-15T10:21:19","modified_gmt":"2025-09-15T03:21:19","slug":"garmin-drivecam-76","status":"publish","type":"product","link":"https:\/\/gpsgarmin.vn\/?product=garmin-drivecam-76","title":{"rendered":"Garmin Drivecam 76"},"content":{"rendered":"<h2 data-sourcepos=\"5:1-5:60\">Garmin <a href=\"https:\/\/gpsgarmin.vn\/?product=garmin-drivecam-76\">DriveCam 76<\/a>: Tr\u1ee3 Th\u1ee7 To\u00e0n Di\u1ec7n Tr\u00ean M\u1ecdi N\u1ebbo \u0110\u01b0\u1eddng<\/h2>\n<p data-sourcepos=\"7:1-7:369\">B\u1ea1n \u0111ang t\u00ecm ki\u1ebfm m\u1ed9t thi\u1ebft b\u1ecb kh\u00f4ng ch\u1ec9 ghi l\u1ea1i h\u00e0nh tr\u00ecnh m\u00e0 c\u00f2n mang \u0111\u1ebfn s\u1ef1 an t\u00e2m v\u00e0 th\u00f4ng minh khi l\u00e1i xe? Garmin DriveCam\u2122 76 ch\u00ednh l\u00e0 gi\u1ea3i ph\u00e1p ho\u00e0n h\u1ea3o. \u0110\u00e2y kh\u00f4ng ch\u1ec9 l\u00e0 m\u1ed9t chi\u1ebfc camera h\u00e0nh tr\u00ecnh th\u00f4ng th\u01b0\u1eddng m\u00e0 c\u00f2n l\u00e0 m\u1ed9t h\u1ec7 th\u1ed1ng h\u1ed7 tr\u1ee3 l\u00e1i xe ti\u00ean ti\u1ebfn, \u0111\u01b0\u1ee3c thi\u1ebft k\u1ebf \u0111\u1ec3 b\u1ea3o v\u1ec7 b\u1ea1n, ghi l\u1ea1i m\u1ecdi kho\u1ea3nh kh\u1eafc v\u00e0 cung c\u1ea5p th\u00f4ng tin h\u1eefu \u00edch tr\u00ean m\u1ed7i chuy\u1ebfn \u0111i.<\/p>\n<h3 data-sourcepos=\"9:1-9:45\">T\u1ea1i Sao B\u1ea1n N\u00ean Ch\u1ecdn Garmin <a href=\"https:\/\/gpsgarmin.vn\/?product=garmin-drivecam-76\">DriveCam 76<\/a>?<\/h3>\n<p data-sourcepos=\"11:1-11:292\">Garmin DriveCam 76 n\u1ed5i b\u1eadt v\u1edbi s\u1ef1 k\u1ebft h\u1ee3p m\u1ea1nh m\u1ebd gi\u1eefa kh\u1ea3 n\u0103ng ghi h\u00ecnh ch\u1ea5t l\u01b0\u1ee3ng cao v\u00e0 c\u00e1c t\u00ednh n\u0103ng \u0111i\u1ec1u h\u01b0\u1edbng, c\u1ea3nh b\u00e1o an to\u00e0n. V\u1edbi m\u00e0n h\u00ecnh c\u1ea3m \u1ee9ng \u0111\u1ed9 ph\u00e2n gi\u1ea3i cao v\u00e0 giao di\u1ec7n tr\u1ef1c quan, b\u1ea1n s\u1ebd d\u1ec5 d\u00e0ng truy c\u1eadp m\u1ecdi ch\u1ee9c n\u0103ng, t\u1eeb vi\u1ec7c xem b\u1ea3n \u0111\u1ed3 \u0111\u1ebfn ki\u1ec3m tra c\u00e1c c\u1ea3nh b\u00e1o quan tr\u1ecdng.<\/p>\n<div class=\"app__img-banner app__life-style__img-con\">\n<div class=\"app__img-banner app__life-style__img-con\"><img decoding=\"async\" class=\"app__img-banner__img__desktop app__img-banner__img\" src=\"https:\/\/res.garmin.com\/en\/products\/010-02729-00\/g\/010-02729-00_l2-d.jpg\" alt=\"\" \/><\/div>\n<\/div>\n<h3 data-sourcepos=\"15:1-15:21\">T\u00ednh N\u0103ng N\u1ed5i B\u1eadt<\/h3>\n<h4 data-sourcepos=\"17:1-17:31\">Camera H\u00e0nh Tr\u00ecnh T\u00edch H\u1ee3p<\/h4>\n<ul data-sourcepos=\"18:1-21:0\">\n<li data-sourcepos=\"18:1-18:134\"><strong>Ghi H\u00ecnh Full HD 1080p:<\/strong> Ghi l\u1ea1i m\u1ecdi chi ti\u1ebft r\u00f5 n\u00e9t v\u1edbi g\u00f3c quay r\u1ed9ng 140 \u0111\u1ed9, \u0111\u1ea3m b\u1ea3o bao qu\u00e1t to\u00e0n b\u1ed9 khung c\u1ea3nh ph\u00eda tr\u01b0\u1edbc xe.<\/li>\n<li data-sourcepos=\"19:1-19:163\"><strong>Ch\u1ee5p \u1ea2nh S\u1ef1 C\u1ed1 T\u1ef1 \u0110\u1ed9ng:<\/strong> T\u1ef1 \u0111\u1ed9ng l\u01b0u video khi ph\u00e1t hi\u1ec7n va ch\u1ea1m nh\u1edd c\u1ea3m bi\u1ebfn G-Sensor t\u00edch h\u1ee3p, cung c\u1ea5p b\u1eb1ng ch\u1ee9ng quan tr\u1ecdng trong tr\u01b0\u1eddng h\u1ee3p x\u1ea3y ra s\u1ef1 c\u1ed1.<\/li>\n<li data-sourcepos=\"20:1-21:0\"><strong>L\u01b0u Tr\u1eef \u0110\u00e1m M\u00e2y An To\u00e0n:<\/strong> D\u1ec5 d\u00e0ng xem v\u00e0 chia s\u1ebb c\u00e1c \u0111o\u1ea1n video \u0111\u00e3 l\u01b0u tr\u1eef th\u00f4ng qua \u1ee9ng d\u1ee5ng Garmin Drive\u2122 tr\u00ean \u0111i\u1ec7n tho\u1ea1i th\u00f4ng minh, kh\u00f4ng c\u1ea7n lo l\u1eafng v\u1ec1 vi\u1ec7c m\u1ea5t d\u1eef li\u1ec7u.<\/li>\n<\/ul>\n<h4 data-sourcepos=\"22:1-22:34\">H\u1ed7 Tr\u1ee3 L\u00e1i Xe N\u00e2ng Cao (ADAS)<\/h4>\n<ul data-sourcepos=\"23:1-26:0\">\n<li data-sourcepos=\"23:1-23:144\"><strong>C\u1ea3nh B\u00e1o Va Ch\u1ea1m Ph\u00eda Tr\u01b0\u1edbc (FCWS):<\/strong> Nh\u1eadn c\u1ea3nh b\u00e1o s\u1edbm khi b\u1ea1n l\u00e1i xe qu\u00e1 g\u1ea7n xe ph\u00eda tr\u01b0\u1edbc, gi\u00fap tr\u00e1nh \u0111\u01b0\u1ee3c nh\u1eefng va ch\u1ea1m kh\u00f4ng mong mu\u1ed1n.<\/li>\n<li data-sourcepos=\"24:1-24:133\"><strong>C\u1ea3nh B\u00e1o L\u1ec7ch L\u00e0n \u0110\u01b0\u1eddng (LDWS):<\/strong> C\u1ea3nh b\u00e1o n\u1ebfu xe b\u1ea1n v\u00f4 t\u00ecnh \u0111i ch\u1ec7ch kh\u1ecfi l\u00e0n \u0111\u01b0\u1eddng, \u0111\u1eb7c bi\u1ec7t h\u1eefu \u00edch tr\u00ean nh\u1eefng chuy\u1ebfn \u0111i d\u00e0i.<\/li>\n<li data-sourcepos=\"25:1-26:0\"><strong>C\u1ea3nh B\u00e1o Di Chuy\u1ec3n Xe (Go Alert):<\/strong> Th\u00f4ng b\u00e1o cho b\u1ea1n khi xe ph\u00eda tr\u01b0\u1edbc b\u1eaft \u0111\u1ea7u di chuy\u1ec3n, gi\u00fap tr\u00e1nh t\u00ecnh tr\u1ea1ng ch\u1edd \u0111\u1ee3i qu\u00e1 l\u00e2u \u1edf \u0111\u00e8n giao th\u00f4ng ho\u1eb7c trong t\u1eafc \u0111\u01b0\u1eddng.<\/li>\n<\/ul>\n<h4 data-sourcepos=\"27:1-27:26\">\u0110i\u1ec1u H\u01b0\u1edbng Th\u00f4ng Minh<\/h4>\n<ul data-sourcepos=\"28:1-31:0\">\n<li data-sourcepos=\"28:1-28:162\"><strong>M\u00e0n H\u00ecnh C\u1ea3m \u1ee8ng 7 Inch S\u1eafc N\u00e9t:<\/strong> Giao di\u1ec7n tr\u1ef1c quan, d\u1ec5 s\u1eed d\u1ee5ng v\u1edbi \u0111\u1ed9 ph\u00e2n gi\u1ea3i cao, cho ph\u00e9p b\u1ea1n xem b\u1ea3n \u0111\u1ed3, \u0111i\u1ec1u h\u01b0\u1edbng v\u00e0 c\u00e1c c\u1ea3nh b\u00e1o m\u1ed9t c\u00e1ch r\u00f5 r\u00e0ng.<\/li>\n<li data-sourcepos=\"29:1-29:180\"><strong>B\u1ea3n \u0110\u1ed3 Chi Ti\u1ebft:<\/strong> T\u00edch h\u1ee3p b\u1ea3n \u0111\u1ed3 Garmin v\u1edbi c\u00e1c c\u1eadp nh\u1eadt tr\u1ecdn \u0111\u1eddi, bao g\u1ed3m c\u00e1c \u0111i\u1ec3m \u0111\u00e1ng ch\u00fa \u00fd (POI) v\u00e0 th\u00f4ng tin giao th\u00f4ng theo th\u1eddi gian th\u1ef1c (n\u1ebfu c\u00f3 d\u1eef li\u1ec7u t\u01b0\u01a1ng th\u00edch).<\/li>\n<li data-sourcepos=\"30:1-31:0\"><strong>\u0110i\u1ec1u H\u01b0\u1edbng B\u1eb1ng Gi\u1ecdng N\u00f3i:<\/strong> Nh\u1eadn ch\u1ec9 d\u1eabn t\u1eebng ng\u00e3 r\u1ebd b\u1eb1ng gi\u1ecdng n\u00f3i r\u00f5 r\u00e0ng, gi\u00fap b\u1ea1n t\u1eadp trung ho\u00e0n to\u00e0n v\u00e0o vi\u1ec7c l\u00e1i xe.<\/li>\n<\/ul>\n<h4 data-sourcepos=\"32:1-32:32\">K\u1ebft N\u1ed1i &amp; Ti\u1ec7n \u00cdch Kh\u00e1c<\/h4>\n<ul data-sourcepos=\"33:1-36:0\">\n<li data-sourcepos=\"33:1-33:150\"><strong>Wi-Fi\u00ae v\u00e0 Bluetooth\u00ae:<\/strong> D\u1ec5 d\u00e0ng k\u1ebft n\u1ed1i v\u1edbi \u0111i\u1ec7n tho\u1ea1i th\u00f4ng minh \u0111\u1ec3 \u0111\u1ed3ng b\u1ed9 d\u1eef li\u1ec7u, c\u1eadp nh\u1eadt ph\u1ea7n m\u1ec1m v\u00e0 truy c\u1eadp c\u00e1c t\u00ednh n\u0103ng th\u00f4ng minh kh\u00e1c.<\/li>\n<li data-sourcepos=\"34:1-34:149\"><strong>Th\u00f4ng B\u00e1o Th\u00f4ng Minh:<\/strong> Nh\u1eadn cu\u1ed9c g\u1ecdi, tin nh\u1eafn v\u00e0 th\u00f4ng b\u00e1o \u1ee9ng d\u1ee5ng ngay tr\u00ean m\u00e0n h\u00ecnh thi\u1ebft b\u1ecb, gi\u1eef cho b\u1ea1n lu\u00f4n k\u1ebft n\u1ed1i m\u00e0 kh\u00f4ng b\u1ecb ph\u00e2n t\u00e2m.<\/li>\n<li data-sourcepos=\"35:1-36:0\"><strong>T\u01b0\u01a1ng Th\u00edch V\u1edbi Garmin Voice Assistant:<\/strong> S\u1eed d\u1ee5ng l\u1ec7nh tho\u1ea1i \u0111\u1ec3 \u0111i\u1ec1u khi\u1ec3n thi\u1ebft b\u1ecb, gi\u00fap b\u1ea1n gi\u1eef tay tr\u00ean v\u00f4 l\u0103ng v\u00e0 m\u1eaft tr\u00ean \u0111\u01b0\u1eddng.<\/li>\n<\/ul>\n<div class=\"app__img-banner app__life-style__img-con\"><img decoding=\"async\" class=\"app__img-banner__img__desktop app__img-banner__img\" src=\"https:\/\/res.garmin.com\/en\/products\/010-02729-00\/g\/010-02729-00_l3-d.jpg\" alt=\"\" \/><\/div>\n<div class=\"app__life-style__text__con app__life-style__text__con--left app__life-style__text__con--middle app__life-style__text__con__mobile--left app__life-style__text__con__mobile--bottom\"><\/div>\n<h3 data-sourcepos=\"39:1-39:39\">Garmin <a href=\"https:\/\/gpsgarmin.vn\/?product=garmin-drivecam-76\">DriveCam 76<\/a> Ph\u00f9 H\u1ee3p V\u1edbi Ai?<\/h3>\n<p data-sourcepos=\"41:1-41:44\">Garmin <a href=\"https:\/\/gpsgarmin.vn\/?product=garmin-drivecam-76\">DriveCam 76<\/a> l\u00e0 l\u1ef1a ch\u1ecdn l\u00fd t\u01b0\u1edfng cho:<\/p>\n<ul data-sourcepos=\"42:1-46:0\">\n<li data-sourcepos=\"42:1-42:137\"><strong>T\u00e0i x\u1ebf chuy\u00ean nghi\u1ec7p:<\/strong> Nh\u1eefng ng\u01b0\u1eddi th\u01b0\u1eddng xuy\u00ean di chuy\u1ec3n, c\u1ea7n m\u1ed9t thi\u1ebft b\u1ecb \u0111\u00e1ng tin c\u1eady \u0111\u1ec3 ghi l\u1ea1i h\u00e0nh tr\u00ecnh v\u00e0 h\u1ed7 tr\u1ee3 \u0111i\u1ec1u h\u01b0\u1edbng.<\/li>\n<li data-sourcepos=\"43:1-43:95\"><strong>Gia \u0111\u00ecnh:<\/strong> Gi\u00fap t\u0103ng c\u01b0\u1eddng an to\u00e0n khi di chuy\u1ec3n c\u00f9ng ng\u01b0\u1eddi th\u00e2n, \u0111\u1eb7c bi\u1ec7t khi c\u00f3 tr\u1ebb nh\u1ecf.<\/li>\n<li data-sourcepos=\"44:1-44:114\"><strong>Ng\u01b0\u1eddi y\u00eau c\u00f4ng ngh\u1ec7:<\/strong> Mu\u1ed1n tr\u1ea3i nghi\u1ec7m nh\u1eefng t\u00ednh n\u0103ng h\u1ed7 tr\u1ee3 l\u00e1i xe v\u00e0 \u0111i\u1ec1u h\u01b0\u1edbng th\u00f4ng minh nh\u1ea5t t\u1eeb Garmin.<\/li>\n<li data-sourcepos=\"45:1-46:0\"><strong>B\u1ea5t k\u1ef3 ai mu\u1ed1n an t\u00e2m h\u01a1n khi l\u00e1i xe:<\/strong> V\u1edbi c\u00e1c t\u00ednh n\u0103ng c\u1ea3nh b\u00e1o v\u00e0 ghi h\u00ecnh t\u1ef1 \u0111\u1ed9ng, b\u1ea1n s\u1ebd lu\u00f4n c\u1ea3m th\u1ea5y t\u1ef1 tin v\u00e0 \u0111\u01b0\u1ee3c b\u1ea3o v\u1ec7.<\/li>\n<\/ul>\n","protected":false},"excerpt":{"rendered":"<p><strong>\u2282\u2329 B\u1ea2O H\u00c0NH CH\u00cdNH H\u00c3NG 2 N\u0102M \u232a\u2283<\/strong><\/p>\n<p><strong>\u260e Li\u00ean h\u1ec7 t\u01b0 v\u1ea5n : 0972 658 351 \u2013\u00a0 0962 846 820 (g\u1ecdi tr\u1ef1c ti\u1ebfp ho\u1eb7c Zalo).<\/strong><\/p>\n","protected":false},"featured_media":3316,"comment_status":"open","ping_status":"closed","template":"","meta":[],"product_cat":[36],"product_tag":[],"class_list":{"0":"post-3313","1":"product","2":"type-product","3":"status-publish","4":"has-post-thumbnail","6":"product_cat-gps-dan-duong-oto","8":"first","9":"instock","10":"sale","11":"shipping-taxable","12":"purchasable","13":"product-type-simple"},"_links":{"self":[{"href":"https:\/\/gpsgarmin.vn\/index.php?rest_route=\/wp\/v2\/product\/3313","targetHints":{"allow":["GET"]}}],"collection":[{"href":"https:\/\/gpsgarmin.vn\/index.php?rest_route=\/wp\/v2\/product"}],"about":[{"href":"https:\/\/gpsgarmin.vn\/index.php?rest_route=\/wp\/v2\/types\/product"}],"replies":[{"embeddable":true,"href":"https:\/\/gpsgarmin.vn\/index.php?rest_route=%2Fwp%2Fv2%2Fcomments&post=3313"}],"version-history":[{"count":10,"href":"https:\/\/gpsgarmin.vn\/index.php?rest_route=\/wp\/v2\/product\/3313\/revisions"}],"predecessor-version":[{"id":5034,"href":"https:\/\/gpsgarmin.vn\/index.php?rest_route=\/wp\/v2\/product\/3313\/revisions\/5034"}],"wp:featuredmedia":[{"embeddable":true,"href":"https:\/\/gpsgarmin.vn\/index.php?rest_route=\/wp\/v2\/media\/3316"}],"wp:attachment":[{"href":"https:\/\/gpsgarmin.vn\/index.php?rest_route=%2Fwp%2Fv2%2Fmedia&parent=3313"}],"wp:term":[{"taxonomy":"product_cat","embeddable":true,"href":"https:\/\/gpsgarmin.vn\/index.php?rest_route=%2Fwp%2Fv2%2Fproduct_cat&post=3313"},{"taxonomy":"product_tag","embeddable":true,"href":"https:\/\/gpsgarmin.vn\/index.php?rest_route=%2Fwp%2Fv2%2Fproduct_tag&post=3313"}],"curies":[{"name":"wp","href":"https:\/\/api.w.org\/{rel}","templated":true}]}}