{"id":3302,"date":"2025-06-06T09:01:13","date_gmt":"2025-06-06T02:01:13","guid":{"rendered":"http:\/\/demo.garminvietnam.vn\/?post_type=product&#038;p=3302"},"modified":"2025-09-15T10:21:45","modified_gmt":"2025-09-15T03:21:45","slug":"garmin-drivesmart-71","status":"publish","type":"product","link":"https:\/\/gpsgarmin.vn\/?product=garmin-drivesmart-71","title":{"rendered":"Garmin DriveSmart 71"},"content":{"rendered":"<h3>\u0110i\u1ec1u h\u01b0\u1edbng n\u00e2ng cao v\u1edbi c\u00e1c t\u00ednh n\u0103ng th\u00f4ng minh<\/h3>\n<div class=\"app__tabs__content__col app__tabs__col\">\n<section id=\"overview\" class=\"app__tabs__content__sec js__app__tabs__content__sec app__tabs__content__sec--enabled app__tabs__content__sec--active\">\n<article>\n<div class=\"app__tabs__content__wrap\">\n<div class=\"app__tabs__content__inner js__app__tabs__content\">\n<div>\n<ul>\n<li>B\u1ed9 \u0111i\u1ec1u h\u01b0\u1edbng GPS d\u1ec5 s\u1eed d\u1ee5ng v\u1edbi c\u00e1c t\u00ednh n\u0103ng \u0111\u01b0\u1ee3c k\u1ebft n\u1ed1i v\u00e0 m\u00e0n h\u00ecnh c\u1ea3m \u1ee9ng \u0111i\u1ec7n dung 6,95 inch s\u00e1ng, tr\u00e0n c\u1ea1nh<\/li>\n<li>B\u1ea3n \u0111\u1ed3 chi ti\u1ebft c\u1ee7a B\u1eafc M\u1ef9 v\u1edbi c\u00e1c b\u1ea3n c\u1eadp nh\u1eadt mi\u1ec5n ph\u00ed tr\u1ecdn \u0111\u1eddi<\/li>\n<li>Cung c\u1ea5p c\u00e1c d\u1ecbch v\u1ee5 th\u1eddi gian th\u1ef1c nh\u01b0 giao th\u00f4ng tr\u1ef1c ti\u1ebfp v\u00e0 b\u00e3i \u0111\u1eadu xe tr\u1ef1c ti\u1ebfp<\/li>\n<li>G\u1ecdi Bluetooth\u00ae\u00a04\u00a0, th\u00f4ng b\u00e1o th\u00f4ng minh\u00a05\u00a0\u00a0v\u00e0 \u0111i\u1ec1u h\u01b0\u1edbng k\u00edch ho\u1ea1t b\u1eb1ng gi\u1ecdng n\u00f3i<\/li>\n<li>T\u00edch h\u1ee3p Wi-Fi\u00a0\u00ae\u00a0\u00a0\u0111\u1ec3 d\u1ec5 d\u00e0ng c\u1eadp nh\u1eadt b\u1ea3n \u0111\u1ed3 v\u00e0 ph\u1ea7n m\u1ec1m<\/li>\n<\/ul>\n<p><img fetchpriority=\"high\" decoding=\"async\" class=\"\" src=\"https:\/\/static.garmin.com\/en\/products\/010-01681-02\/g\/drivesmart-hero-2.jpg\" alt=\"Garmin DriveSmart\" width=\"1361\" height=\"422\" \/><\/p>\n<\/div>\n<div>\n<div>\n<p>Lu\u00f4n k\u1ebft n\u1ed1i sau tay l\u00e1i v\u1edbi Garmin DriveSmart, c\u00f4ng c\u1ee5 \u0111i\u1ec1u h\u01b0\u1edbng c\u00f3 m\u1ed9t t\u1eadp h\u1ee3p c\u00e1c t\u00ednh n\u0103ng th\u00f4ng minh b\u00ean c\u1ea1nh c\u00e1c c\u1ea3nh b\u00e1o h\u1eefu \u00edch cho ng\u01b0\u1eddi l\u00e1i xe v\u00e0 ch\u1ec9 \u0111\u01b0\u1eddng d\u1ec5 theo d\u00f5i.\u00a0T\u1eeb g\u1ecdi \u0111i\u1ec7n tho\u1ea1i r\u1ea3nh tay v\u00e0 th\u00f4ng tin giao th\u00f4ng tr\u1ef1c ti\u1ebfp \u0111\u1ebfn Wi-Fi t\u00edch h\u1ee3p v\u00e0 h\u01a1n th\u1ebf n\u1eefa \u2014 t\u01b0\u01a1ng lai n\u1eb1m tr\u00ean Garmin c\u1ee7a b\u1ea1n.\u00a0Ch\u1ec9 c\u1ea7n nh\u00ecn v\u1ec1 ph\u00eda tr\u01b0\u1edbc v\u00e0 l\u00e1i xe.<\/p>\n<\/div>\n<\/div>\n<\/div>\n<\/div>\n<\/article>\n<\/section>\n<\/div>\n<h3>R\u00f5 r\u00e0ng v\u00e0 t\u01b0\u01a1i s\u00e1ng t\u1eeb c\u1ea1nh n\u00e0y sang c\u1ea1nh kh\u00e1c<\/h3>\n<div class=\"app__tabs__content__col app__tabs__col\">\n<section class=\"app__tabs__content__sec js__app__tabs__content__sec app__tabs__content__sec--enabled app__tabs__content__sec--active\">\n<article>\n<div class=\"app__tabs__content__wrap\">\n<div class=\"app__tabs__content__inner js__app__tabs__content\">\n<div>\n<div>\n<p>Garmin DriveSmart 61 c\u00f3 m\u00e0n h\u00ecnh d\u1ec5 nh\u00ecn nh\u1ea5t c\u1ee7a ch\u00fang t\u00f4i.\u00a0Xem nhanh ch\u1ec9 \u0111\u01b0\u1eddng c\u1ee7a b\u1ea1n tr\u00ean m\u00e0n h\u00ecnh s\u00e1ng, r\u00f5 r\u00e0ng.\u00a0Bao g\u1ed3m m\u00e0n h\u00ecnh k\u00ednh 6,95 inch \u0111i t\u1eeb c\u1ea1nh n\u00e0y sang c\u1ea1nh kh\u00e1c tr\u00ean thi\u1ebft b\u1ecb.\u00a0B\u1ec1 m\u1eb7t c\u1ea3m \u1ee9ng \u0111i\u1ec7n dung cho ph\u00e9p b\u1ea1n ch\u1ee5m \u0111\u1ec3 thu ph\u00f3ng n\u1ebfu b\u1ea1n c\u1ea7n xem g\u1ea7n h\u01a1n.<\/p>\n<\/div>\n<\/div>\n<\/div>\n<\/div>\n<\/article>\n<\/section>\n<\/div>\n<h3>D\u1ecbch v\u1ee5 tr\u1ef1c ti\u1ebfp cho \u1ed5 \u0111\u0129a c\u1ee7a b\u1ea1n<\/h3>\n<div class=\"app__tabs__content__col app__tabs__col\">\n<section class=\"app__tabs__content__sec js__app__tabs__content__sec app__tabs__content__sec--enabled app__tabs__content__sec--active\">\n<article>\n<div class=\"app__tabs__content__wrap\">\n<div class=\"app__tabs__content__inner js__app__tabs__content\">\n<div>\n<div>\n<p class=\"clearfix\">X\u1eed l\u00fd \u00f9n t\u1eafc giao th\u00f4ng th\u00f4ng minh b\u1eb1ng c\u00e1c tuy\u1ebfn \u0111\u01b0\u1eddng thay th\u1ebf ti\u1ebft ki\u1ec7m th\u1eddi gian ho\u1eb7c b\u1eb1ng c\u00e1ch tr\u00e1nh ch\u00fang ho\u00e0n to\u00e0n. Sau \u0111\u00f3, v\u1edbi th\u00f4ng tin tr\u1ef1c ti\u1ebfp, b\u1ea1n s\u1ebd m\u1ea5t \u00edt th\u1eddi gian \u0111i v\u00f2ng quanh khu nh\u00e0 h\u01a1n \u0111\u1ec3 t\u00ecm ch\u1ed7 \u0111\u1eadu xe. \u0110\u1ec3 bi\u1ebft c\u1ea3nh b\u00e1o giao th\u00f4ng, ch\u1ec9 \u0111\u01b0\u1eddng \u0111\u1ecbnh tuy\u1ebfn l\u1ea1i c\u00f3 li\u00ean quan v\u00e0 d\u1ef1 b\u00e1o th\u1eddi ti\u1ebft c\u1eadp nh\u1eadt, h\u00e3y t\u1ea3i xu\u1ed1ng \u1ee9ng\u00a0 d\u1ee5ng Li\u00ean k\u1ebft \u0111i\u1ec7n tho\u1ea1i th\u00f4ng minh\u00a0\u00a0, \u1ee9ng d\u1ee5ng n\u00e0y k\u1ebft n\u1ed1i Garmin DriveSmart v\u1edbi \u0111i\u1ec7n tho\u1ea1i th\u00f4ng minh t\u01b0\u01a1ng th\u00edch c\u1ee7a b\u1ea1n. Khi b\u1ea1n \u1edf g\u1ea7n \u0111i\u1ec3m \u0111\u1ebfn c\u1ee7a m\u00ecnh, h\u00e3y gi\u1ea3i t\u1ecfa c\u0103ng th\u1eb3ng khi \u0111\u1ed7 xe b\u1eb1ng c\u00e1ch xem c\u00e1c xu h\u01b0\u1edbng v\u1ec1 gi\u00e1 c\u1ea3 v\u00e0 t\u00ecnh tr\u1ea1ng s\u1eb5n c\u00f3 c\u1ee7a b\u00e3i \u0111\u1ed7 xe c\u00f4ng c\u1ed9ng tr\u00ean \u0111\u01b0\u1eddng. \u1ee8ng d\u1ee5ng Li\u00ean k\u1ebft \u0111i\u1ec7n tho\u1ea1i th\u00f4ng minh c\u0169ng k\u00edch ho\u1ea1t LiveTrack, cho ph\u00e9p ng\u01b0\u1eddi l\u00e1i xe chia s\u1ebb v\u1ecb tr\u00ed c\u1ee7a h\u1ecd \u0111\u1ec3 b\u1ea1n b\u00e8 c\u00f3 th\u1ec3 theo d\u00f5i v\u1ecb tr\u00ed c\u1ee7a b\u1ea1n cho d\u00f9 b\u1ea1n \u0111ang ch\u1ea1y vi\u1ec7c v\u1eb7t quanh th\u1ecb tr\u1ea5n hay th\u1ef1c hi\u1ec7n m\u1ed9t chuy\u1ebfn \u0111i \u0111\u01b0\u1eddng d\u00e0i.<\/p>\n<p><img decoding=\"async\" class=\"bottom\" src=\"https:\/\/static.garmincdn.com\/en\/products\/010-01681-02\/g\/01-live-services.jpg\" \/><\/p>\n<\/div>\n<\/div>\n<\/div>\n<\/div>\n<\/article>\n<\/section>\n<\/div>\n<h3><\/h3>\n<h3>\u0110\u01b0a th\u00f4ng minh v\u00e0o k\u1ebft n\u1ed1i th\u00f4ng minh<\/h3>\n<div class=\"app__tabs__content__col app__tabs__col\">\n<section class=\"app__tabs__content__sec js__app__tabs__content__sec app__tabs__content__sec--enabled app__tabs__content__sec--active\">\n<article>\n<div class=\"app__tabs__content__wrap\">\n<div class=\"app__tabs__content__inner js__app__tabs__content\">\n<div>\n<div>\n<p class=\"clearfix\">Khi b\u1ea1n \u0111\u1ed3ng b\u1ed9 h\u00f3a \u0111i\u1ec7n tho\u1ea1i th\u00f4ng minh h\u1ed7 tr\u1ee3 Bluetooth c\u1ee7a m\u00ecnh v\u1edbi Garmin DriveSmart, b\u1ea1n s\u1ebd c\u00f3 \u0111\u01b0\u1ee3c c\u00e1c t\u00ednh n\u0103ng tuy\u1ec7t v\u1eddi cho ph\u00e9p b\u1ea1n duy tr\u00ec k\u1ebft n\u1ed1i m\u00e0 kh\u00f4ng c\u1ea7n r\u1eddi tay kh\u1ecfi v\u00f4 l\u0103ng.\u00a0Th\u1ef1c hi\u1ec7n cu\u1ed9c g\u1ecdi \u0111i\u1ec7n tho\u1ea1i r\u1ea3nh tay v\u00e0 nh\u1eadn th\u00f4ng b\u00e1o th\u00f4ng minh c\u00f3 th\u1ec3 t\u00f9y ch\u1ec9nh tr\u00ean m\u00e0n h\u00ecnh \u0111i\u1ec1u h\u01b0\u1edbng c\u1ee7a b\u1ea1n.\u00a0\u0110i\u1ec1u \u0111\u00f3 c\u00f3 ngh\u0129a l\u00e0 b\u1ea1n c\u00f3 th\u1ec3 xem c\u00e1c cu\u1ed9c g\u1ecdi \u0111\u1ebfn, tin nh\u1eafn v\u0103n b\u1ea3n v\u00e0 l\u1eddi nh\u1eafc l\u1ecbch m\u00e0 kh\u00f4ng c\u1ea7n ph\u1ea3i v\u1edbi l\u1ea5y \u0111i\u1ec7n tho\u1ea1i c\u1ee7a m\u00ecnh.<\/p>\n<p><img decoding=\"async\" class=\"bottom\" src=\"https:\/\/static.garmincdn.com\/en\/products\/010-01681-02\/g\/02-putting-the-smart.jpg\" \/><\/p>\n<\/div>\n<\/div>\n<\/div>\n<\/div>\n<\/article>\n<\/section>\n<\/div>\n<h3><\/h3>\n<h3>\u0110i\u1ec1u h\u01b0\u1edbng k\u00edch ho\u1ea1t b\u1eb1ng gi\u1ecdng n\u00f3i<\/h3>\n<div class=\"app__tabs__content__col app__tabs__col\">\n<section class=\"app__tabs__content__sec js__app__tabs__content__sec app__tabs__content__sec--enabled app__tabs__content__sec--active\">\n<article>\n<div class=\"app__tabs__content__wrap\">\n<div class=\"app__tabs__content__inner js__app__tabs__content\">\n<div>\n<div>\n<p class=\"clearfix\"><img decoding=\"async\" class=\"float-right left-s bottom-s\" src=\"https:\/\/static.garmincdn.com\/en\/products\/010-01681-02\/g\/03-voice-activated.jpg\" \/><\/p>\n<p>C\u1ea7n h\u01b0\u1edbng\u00a0d\u1eabn?\u00a0Ch\u1ec9 c\u1ea7n n\u00f3i l\u1eddi.\u00a0Garmin DriveSmart c\u00f3 t\u00ednh n\u0103ng \u0111i\u1ec1u h\u01b0\u1edbng \u0111\u01b0\u1ee3c k\u00edch ho\u1ea1t b\u1eb1ng gi\u1ecdng n\u00f3i \u0111\u1ec3 \u0111\u00e1p \u1ee9ng c\u00e1c l\u1ec7nh c\u1ee7a b\u1ea1n v\u00e0 sau \u0111\u00f3 \u0111i\u1ec1u h\u01b0\u1edbng \u0111\u1ebfn n\u01a1i b\u1ea1n c\u1ea7n \u0111\u1ebfn.<\/p>\n<\/div>\n<\/div>\n<\/div>\n<\/div>\n<\/article>\n<\/section>\n<\/div>\n<h3>Wi-Fi gi\u00fap b\u1ea1n lu\u00f4n c\u1eadp nh\u1eadt<\/h3>\n<div class=\"app__tabs__content__col app__tabs__col\">\n<section class=\"app__tabs__content__sec js__app__tabs__content__sec app__tabs__content__sec--enabled app__tabs__content__sec--active\">\n<article>\n<div class=\"app__tabs__content__wrap\">\n<div class=\"app__tabs__content__inner js__app__tabs__content\">\n<div>\n<div>\n<p class=\"clearfix\">Gi\u1edd \u0111\u00e2y, ch\u00fang t\u00f4i gi\u00fap b\u1ea1n d\u1ec5 d\u00e0ng c\u1eadp nh\u1eadt b\u1ea3n \u0111\u1ed3 v\u00e0 ph\u1ea7n m\u1ec1m c\u1ee7a m\u00ecnh nh\u1edd b\u1ed9 \u0111i\u1ec1u h\u01b0\u1edbng Garmin DriveSmart c\u00f3 Wi-Fi t\u00edch h\u1ee3p.\u00a0Khi c\u00f3 b\u1ea3n c\u1eadp nh\u1eadt m\u1edbi v\u00e0 b\u1ea1n \u0111ang \u1edf trong m\u1ea1ng gia \u0111\u00ecnh kh\u00f4ng d\u00e2y c\u1ee7a m\u00ecnh, b\u1ea1n s\u1ebd t\u1ef1 \u0111\u1ed9ng nh\u1eadn \u0111\u01b0\u1ee3c th\u00f4ng b\u00e1o tr\u00ean m\u00e0n h\u00ecnh.\u00a0\u0110\u00f3 l\u00e0 g\u1ee3i \u00fd \u0111\u1ec3 b\u1ea1n c\u1eafm thi\u1ebft b\u1ecb c\u1ee7a m\u00ecnh v\u00e0o b\u1ea5t k\u1ef3 \u1ed5 c\u1eafm n\u00e0o v\u00e0 \u0111\u1ec3 thi\u1ebft b\u1ecb c\u1eadp nh\u1eadt qua Wi-Fi trong khi s\u1ea1c.\u00a0Sau \u0111\u00f3, b\u1ea1n s\u1ebd s\u1eb5n s\u00e0ng l\u00ean \u0111\u01b0\u1eddng m\u1ed9t l\u1ea7n n\u1eefa.<\/p>\n<p><img decoding=\"async\" class=\"bottom\" src=\"https:\/\/static.garmincdn.com\/en\/products\/010-01681-02\/g\/04-wi-fi.jpg\" \/><\/p>\n<\/div>\n<\/div>\n<\/div>\n<\/div>\n<\/article>\n<\/section>\n<\/div>\n<h3>C\u1ea3nh b\u00e1o t\u00e0i x\u1ebf: Bi\u1ebft m\u00f4i tr\u01b0\u1eddng xung quanh b\u1ea1n<\/h3>\n<div class=\"app__tabs__content__col app__tabs__col\">\n<section class=\"app__tabs__content__sec js__app__tabs__content__sec app__tabs__content__sec--enabled app__tabs__content__sec--active\">\n<article>\n<div class=\"app__tabs__content__wrap\">\n<div class=\"app__tabs__content__inner js__app__tabs__content\">\n<div>\n<div>\n<p>\u0110\u1ec3 khuy\u1ebfn kh\u00edch l\u00e1i xe an to\u00e0n h\u01a1n v\u00e0 n\u00e2ng cao nh\u1eadn th\u1ee9c v\u1ec1 t\u00ecnh hu\u1ed1ng, Garmin DriveSmart cung c\u1ea5p c\u1ea3nh b\u00e1o cho ng\u01b0\u1eddi l\u00e1i v\u1ec1 c\u00e1c kh\u00fac cua g\u1ea5p, thay \u0111\u1ed5i t\u1ed1c \u0111\u1ed9, giao c\u1eaft \u0111\u01b0\u1eddng s\u1eaft v\u00e0 giao c\u1eaft v\u1edbi \u0111\u1ed9ng v\u1eadt.\u00a0Ngo\u00e0i ra, b\u1ed9 \u0111i\u1ec1u h\u01b0\u1edbng s\u1ebd c\u1ea3nh b\u00e1o b\u1ea1n khi l\u00e1i xe sai \u0111\u01b0\u1eddng tr\u00ean \u0111\u01b0\u1eddng m\u1ed9t chi\u1ec1u v\u00e0 c\u1ea3nh b\u00e1o b\u1ea1n v\u1ec1 c\u00e1c tr\u01b0\u1eddng h\u1ecdc v\u00e0 khu v\u1ef1c tr\u01b0\u1eddng h\u1ecdc g\u1ea7n \u0111\u00f3.\u00a0Nh\u1eadn th\u00f4ng b\u00e1o v\u1ec1 camera v\u01b0\u1ee3t \u0111\u00e8n \u0111\u1ecf v\u00e0 camera b\u1eafn t\u1ed1c \u0111\u1ed9\u00a06\u00a0g\u1ea7n \u0111\u00f3 , th\u1eadm ch\u00ed nh\u1eadn c\u1ea3nh b\u00e1o m\u1ec7t m\u1ecfi\u00a07\u00a0\u00a0\u0111\u1ec1 xu\u1ea5t c\u00e1c khu v\u1ef1c ngh\u1ec9 ng\u01a1i ti\u1ec1m n\u0103ng sau v\u00e0i gi\u1edd l\u00e1i xe.<\/p>\n<p><img decoding=\"async\" class=\"bottom\" src=\"https:\/\/static.garmincdn.com\/en\/products\/010-01683-03\/g\/05-driver-alerts.jpg\" \/><\/p>\n<\/div>\n<\/div>\n<\/div>\n<\/div>\n<\/article>\n<\/section>\n<\/div>\n<h3>\u0110i\u1ec1u h\u01b0\u1edbng kh\u00e1c t\u1eeb \u0110\u1ed3ng h\u1ed3 th\u00f4ng minh Garmin c\u1ee7a b\u1ea1n<\/h3>\n<div class=\"app__tabs__content__col app__tabs__col\">\n<section class=\"app__tabs__content__sec js__app__tabs__content__sec app__tabs__content__sec--enabled app__tabs__content__sec--active\">\n<article>\n<div class=\"app__tabs__content__wrap\">\n<div class=\"app__tabs__content__inner js__app__tabs__content\">\n<div>\n<div>\n<p class=\"clearfix\"><img decoding=\"async\" class=\"float-right left-s bottom-s alignright\" src=\"https:\/\/static.garmincdn.com\/en\/products\/010-01681-02\/g\/06-more-navigation.jpg\" width=\"366\" height=\"329\" \/>Khi b\u1ea1n gh\u00e9p n\u1ed1i thi\u1ebft b\u1ecb \u0111i\u1ec1u h\u01b0\u1edbng n\u00e0y v\u1edbi \u0111\u1ed3ng h\u1ed3 th\u00f4ng minh Garmin t\u01b0\u01a1ng th\u00edch (\u0111\u01b0\u1ee3c b\u00e1n ri\u00eang), b\u1ea1n c\u00f3 th\u1ec3 nh\u1eadn \u0111\u01b0\u1ee3c \u0111i\u1ec1u h\u01b0\u1edbng ngay tr\u00ean c\u1ed5 tay c\u1ee7a m\u00ecnh, ngay c\u1ea3 sau khi b\u1ea1n \u0111\u00e3 \u0111\u1ed7 xe v\u00e0 \u0111ang \u0111i b\u1ed9 v\u1ec1 ph\u00eda \u0111i\u1ec3m \u0111\u1ebfn c\u1ee7a m\u00ecnh.\u00a0Ngo\u00e0i ra, h\u00e3y nh\u1eadn th\u00f4ng b\u00e1o tr\u00ecnh \u0111i\u1ec1u khi\u1ec3n h\u1eefu \u00edch tr\u00ean \u0111\u1ed3ng h\u1ed3 c\u1ee7a b\u1ea1n.\u00a0\u0110\u1eebng lo l\u1eafng v\u1ec1 vi\u1ec7c m\u1ea5t xe trong m\u1ed9t b\u00e3i \u0111\u1eadu xe \u0111\u00f4ng \u0111\u00fac;\u00a0\u0111\u1ed3ng h\u1ed3 th\u00f4ng minh c\u1ee7a b\u1ea1n cung c\u1ea5p h\u01b0\u1edbng d\u1eabn la b\u00e0n t\u1eeb ph\u01b0\u01a1ng ti\u1ec7n \u0111ang \u0111\u1ed7 \u0111\u1ebfn \u0111i\u1ec3m \u0111\u1ebfn c\u1ee7a b\u1ea1n v\u00e0 quay tr\u1edf l\u1ea1i ph\u01b0\u01a1ng ti\u1ec7n c\u1ee7a b\u1ea1n.<\/p>\n<\/div>\n<\/div>\n<\/div>\n<\/div>\n<\/article>\n<\/section>\n<\/div>\n<h3>Chuy\u1ebfn \u0111i \u0111\u01b0\u1eddng tr\u1edf n\u00ean t\u1ed1t h\u01a1n v\u1edbi TripAdvisor\u00ae<\/h3>\n<div class=\"app__tabs__content__col app__tabs__col\">\n<section class=\"app__tabs__content__sec js__app__tabs__content__sec app__tabs__content__sec--enabled app__tabs__content__sec--active\">\n<article>\n<div class=\"app__tabs__content__wrap\">\n<div class=\"app__tabs__content__inner js__app__tabs__content\">\n<div>\n<div>\n<p class=\"clearfix\">Khi b\u1ea1n kh\u00f4ng quen thu\u1ed9c v\u1edbi khu v\u1ef1c n\u00e0y, th\u1eadt tuy\u1ec7t khi c\u00f3 \u0111i\u1ec1u g\u00ec \u0111\u00f3 ch\u1ec9 cho b\u1ea1n \u0111i \u0111\u00fang h\u01b0\u1edbng.\u00a0\u0110\u00f3 l\u00e0 l\u00fd do t\u1ea1i sao ch\u00fang t\u00f4i mang TripAdvisor \u0111\u1ebfn v\u1edbi b\u1ed9 \u0111i\u1ec1u h\u01b0\u1edbng Garmin DriveSmart c\u1ee7a b\u1ea1n.\u00a0Xem x\u1ebfp h\u1ea1ng cho c\u00e1c \u0111i\u1ec3m du l\u1ecbch \u01b0a th\u00edch, ch\u1eb3ng h\u1ea1n nh\u01b0 kh\u00e1ch s\u1ea1n, nh\u00e0 h\u00e0ng v\u00e0 \u0111i\u1ec3m du l\u1ecbch, d\u1ecdc theo tuy\u1ebfn \u0111\u01b0\u1eddng c\u1ee7a b\u1ea1n ho\u1eb7c g\u1ea7n \u0111i\u1ec3m \u0111\u1ebfn c\u1ee7a b\u1ea1n.\u00a0T\u1eeb trang web du l\u1ecbch l\u1edbn nh\u1ea5t th\u1ebf gi\u1edbi tr\u1ef1c ti\u1ebfp \u0111\u1ebfn \u00f4 t\u00f4 c\u1ee7a b\u1ea1n, ch\u00fang t\u00f4i \u0111ang gi\u00fap b\u1ea1n t\u00ecm c\u00e1c \u0111i\u1ec3m d\u1eebng khi\u1ebfn to\u00e0n b\u1ed9 h\u00e0nh tr\u00ecnh tr\u1edf th\u00e0nh m\u1ed9t ph\u1ea7n c\u1ee7a \u0111i\u1ec3m \u0111\u1ebfn.\u00a0\u0110\u1ed3ng th\u1eddi x\u00e1c \u0111\u1ecbnh v\u1ecb tr\u00ed c\u00e1c \u0111i\u1ec3m tham quan m\u1edbi b\u1eb1ng c\u00f4ng c\u1ee5 L\u1eadp k\u1ebf ho\u1ea1ch chuy\u1ebfn \u0111i t\u00edch h\u1ee3p, gi\u00fap t\u0103ng th\u00eam ni\u1ec1m vui cho c\u00e1c chuy\u1ebfn \u0111i b\u1eb1ng c\u00e1ch \u0111\u1ec1 xu\u1ea5t c\u00e1c \u0111i\u1ec3m d\u1eebng th\u00fa v\u1ecb tr\u00ean \u0111\u01b0\u1eddng \u0111i.<\/p>\n<p><img decoding=\"async\" class=\"bottom\" src=\"https:\/\/static.garmincdn.com\/en\/products\/010-01681-02\/g\/07-road-trips.jpg\" \/><\/p>\n<p><img decoding=\"async\" class=\"float-right left-s aligncenter\" src=\"https:\/\/static.garmincdn.com\/en\/products\/010-01681-02\/g\/08-friendly-guidance.jpg\" width=\"442\" height=\"264\" \/><\/p>\n<\/div>\n<\/div>\n<\/div>\n<\/div>\n<\/article>\n<\/section>\n<\/div>\n<h3>H\u01b0\u1edbng d\u1eabn th\u00e2n thi\u1ec7n t\u1eeb Garmin Real Directions\u2122<\/h3>\n<div class=\"app__tabs__content__col app__tabs__col\">\n<section class=\"app__tabs__content__sec js__app__tabs__content__sec app__tabs__content__sec--enabled app__tabs__content__sec--active\">\n<article>\n<div class=\"app__tabs__content__wrap\">\n<div class=\"app__tabs__content__inner js__app__tabs__content\">\n<div>\n<div>\n<p class=\"clearfix\">X\u00e1c \u0111\u1ecbnh l\u1ea1i ch\u1ec9 \u0111\u01b0\u1eddng &#8220;n\u00f3i t\u1eebng ng\u00e3 r\u1ebd&#8221; v\u1edbi Garmin Real Directions.\u00a0Ch\u1ec9 \u0111\u01b0\u1eddng l\u00e1i xe d\u1ec5 hi\u1ec3u c\u1ee7a ch\u00fang t\u00f4i s\u1eed d\u1ee5ng c\u00e1c \u0111\u1ecba danh, t\u00f2a nh\u00e0 v\u00e0 \u0111\u00e8n giao th\u00f4ng d\u1ec5 nh\u1eadn bi\u1ebft b\u00ean c\u1ea1nh t\u00ean \u0111\u01b0\u1eddng \u0111\u01b0\u1ee3c \u0111\u1ecdc, h\u01b0\u1edbng d\u1eabn b\u1ea1n nh\u01b0 th\u1ec3 ng\u01b0\u1eddi b\u1ea1n th\u00e2n nh\u1ea5t c\u1ee7a b\u1ea1n \u0111ang ng\u1ed3i \u1edf gh\u1ebf h\u00e0nh kh\u00e1ch.\u00a0Kh\u00f4ng c\u00f2n ph\u1ea3i nheo m\u1eaft \u0111\u1ec3 \u0111\u1ecdc c\u00e1c bi\u1ec3n b\u00e1o \u1edf xa.\u00a0Ch\u1ec9 c\u1ea7n nghe Garmin Real Directions n\u00f3i v\u1edbi b\u1ea1n, \u201cR\u1ebd tr\u00e1i sau QT\u201d ho\u1eb7c \u201cR\u1ebd ph\u1ea3i sau t\u00f2a nh\u00e0 m\u00e0u \u0111\u1ecf\u201d.\u00a0L\u00e0m theo ch\u1ec9 d\u1eabn ch\u01b0a bao gi\u1edd \u0111\u01b0\u1ee3c d\u1ec5 d\u00e0ng h\u01a1n.<\/p>\n<\/div>\n<\/div>\n<\/div>\n<\/div>\n<\/article>\n<\/section>\n<\/div>\n<h3>Ho\u1ea1t \u0111\u1ed9ng v\u1edbi Camera d\u1ef1 ph\u00f2ng Garmin<\/h3>\n<div class=\"app__tabs__content__col app__tabs__col\">\n<section class=\"app__tabs__content__sec js__app__tabs__content__sec app__tabs__content__sec--enabled app__tabs__content__sec--active\">\n<article>\n<div class=\"app__tabs__content__wrap\">\n<div class=\"app__tabs__content__inner js__app__tabs__content\">\n<div>\n<div>\n<p><img decoding=\"async\" class=\"float-right left-s\" src=\"https:\/\/static.garmincdn.com\/en\/products\/010-01681-02\/g\/09-backup-camera.jpg\" \/><\/p>\n<p>\u0110\u1ed1i v\u1edbi gi\u1ea3i ph\u00e1p\u00a0h\u00e0ng kh\u00f4ng\u00a0to\u00e0n di\u1ec7n\u00a0, Garmin DriveSmart k\u1ebft h\u1ee3p v\u1edbi\u00a0\u00a0Camera d\u1ef1 ph\u00f2ng kh\u00f4ng d\u00e2y BC\u2122 30\u00a0\u00a0(\u0111\u01b0\u1ee3c b\u00e1n ri\u00eang; khuy\u1ebfn ngh\u1ecb l\u1eafp \u0111\u1eb7t chuy\u00ean nghi\u1ec7p).\u00a0Sau khi k\u1ebft n\u1ed1i, b\u1ea1n c\u00f3 th\u1ec3 d\u1ec5 d\u00e0ng nh\u00ecn th\u1ea5y c\u00e1c ph\u01b0\u01a1ng ti\u1ec7n, ng\u01b0\u1eddi \u0111i b\u1ed9 v\u00e0 c\u00e1c ch\u01b0\u1edbng ng\u1ea1i v\u1eadt kh\u00e1c ngay tr\u00ean m\u00e0n h\u00ecnh Garmin DriveSmart khi b\u1ea1n di chuy\u1ec3n ng\u01b0\u1ee3c l\u1ea1i.<\/p>\n<\/div>\n<\/div>\n<\/div>\n<\/div>\n<\/article>\n<\/section>\n<\/div>\n<h3>B\u1ea3n \u0111\u1ed3 ch\u1ea5t l\u01b0\u1ee3ng cao<\/h3>\n<div class=\"app__tabs__content__col app__tabs__col\">\n<section class=\"app__tabs__content__sec js__app__tabs__content__sec app__tabs__content__sec--enabled app__tabs__content__sec--active\">\n<article>\n<div class=\"app__tabs__content__wrap\">\n<div class=\"app__tabs__content__inner js__app__tabs__content\">\n<div>\n<div>\n<p class=\"clearfix\">Ch\u1ea5t l\u01b0\u1ee3ng c\u1ee7a d\u1eef li\u1ec7u b\u1ea3n \u0111\u1ed3 c\u00f3 th\u1ec3 t\u1ea1o n\u00ean s\u1ef1 kh\u00e1c bi\u1ec7t ho\u00e0n to\u00e0n gi\u1eefa vi\u1ec7c t\u00ecm \u0111i\u1ec3m \u0111\u1ebfn c\u1ee7a b\u1ea1n v\u00e0 vi\u1ec7c b\u1ecb l\u1ea1c. D\u1eef li\u1ec7u b\u1ea3n \u0111\u1ed3 HERE ch\u1ea5t l\u01b0\u1ee3ng cao cho ph\u00e9p thi\u1ebft b\u1ecb Garmin c\u1ee7a b\u1ea1n cung c\u1ea5p cho b\u1ea1n th\u00f4ng tin b\u1ea1n c\u1ea7n v\u00e0o th\u1eddi \u0111i\u1ec3m b\u1ea1n c\u1ea7n nh\u1ea5t \u2014 gi\u1ea3m b\u1edbt s\u1ef1 phi\u1ec1n to\u00e1i khi l\u00e1i xe b\u1eb1ng c\u00e1ch tr\u00e1nh b\u1ecb ch\u1eadm tr\u1ec5 v\u00e0 gi\u1ea3m th\u1eddi gian b\u1ea1n ng\u1ed3i trong xe.<\/p>\n<\/div>\n<\/div>\n<\/div>\n<\/div>\n<\/article>\n<\/section>\n<\/div>\n","protected":false},"excerpt":{"rendered":"<div class=\"woocommerce-product-details__short-description\">\n<div class=\"short-description\">\n<p><strong>\u2282\u2329 B\u1ea2O H\u00c0NH CH\u00cdNH H\u00c3NG 2 N\u0102M \u232a\u2283<\/strong><\/p>\n<p><strong>\u260e Li\u00ean h\u1ec7 t\u01b0 v\u1ea5n : 0972 658 351 \u2013\u00a0 0962 846 820 (g\u1ecdi tr\u1ef1c ti\u1ebfp ho\u1eb7c Zalo).<\/strong><\/p>\n<\/div>\n<\/div>\n","protected":false},"featured_media":3305,"comment_status":"open","ping_status":"closed","template":"","meta":[],"product_cat":[36],"product_tag":[],"class_list":{"0":"post-3302","1":"product","2":"type-product","3":"status-publish","4":"has-post-thumbnail","6":"product_cat-gps-dan-duong-oto","8":"first","9":"instock","10":"sale","11":"shipping-taxable","12":"purchasable","13":"product-type-simple"},"_links":{"self":[{"href":"https:\/\/gpsgarmin.vn\/index.php?rest_route=\/wp\/v2\/product\/3302","targetHints":{"allow":["GET"]}}],"collection":[{"href":"https:\/\/gpsgarmin.vn\/index.php?rest_route=\/wp\/v2\/product"}],"about":[{"href":"https:\/\/gpsgarmin.vn\/index.php?rest_route=\/wp\/v2\/types\/product"}],"replies":[{"embeddable":true,"href":"https:\/\/gpsgarmin.vn\/index.php?rest_route=%2Fwp%2Fv2%2Fcomments&post=3302"}],"version-history":[{"count":8,"href":"https:\/\/gpsgarmin.vn\/index.php?rest_route=\/wp\/v2\/product\/3302\/revisions"}],"predecessor-version":[{"id":3308,"href":"https:\/\/gpsgarmin.vn\/index.php?rest_route=\/wp\/v2\/product\/3302\/revisions\/3308"}],"wp:featuredmedia":[{"embeddable":true,"href":"https:\/\/gpsgarmin.vn\/index.php?rest_route=\/wp\/v2\/media\/3305"}],"wp:attachment":[{"href":"https:\/\/gpsgarmin.vn\/index.php?rest_route=%2Fwp%2Fv2%2Fmedia&parent=3302"}],"wp:term":[{"taxonomy":"product_cat","embeddable":true,"href":"https:\/\/gpsgarmin.vn\/index.php?rest_route=%2Fwp%2Fv2%2Fproduct_cat&post=3302"},{"taxonomy":"product_tag","embeddable":true,"href":"https:\/\/gpsgarmin.vn\/index.php?rest_route=%2Fwp%2Fv2%2Fproduct_tag&post=3302"}],"curies":[{"name":"wp","href":"https:\/\/api.w.org\/{rel}","templated":true}]}}