{"id":3266,"date":"2025-06-05T10:25:57","date_gmt":"2025-06-05T03:25:57","guid":{"rendered":"http:\/\/demo.garminvietnam.vn\/?post_type=product&#038;p=3266"},"modified":"2025-09-15T10:22:10","modified_gmt":"2025-09-15T03:22:10","slug":"thiet-bi-dan-duong-drivesmart-55","status":"publish","type":"product","link":"https:\/\/gpsgarmin.vn\/?product=thiet-bi-dan-duong-drivesmart-55","title":{"rendered":"Garmin DriveSmart 55"},"content":{"rendered":"<h3 data-sourcepos=\"5:1-5:95\"><strong>Thi\u1ebft B\u1ecb \u0110\u1ecbnh V\u1ecb GPS Garmin <a href=\"https:\/\/gpsgarmin.vn\/?product=thiet-bi-dan-duong-drivesmart-55\">DriveSmart 55<\/a> \u2013 Ng\u01b0\u1eddi B\u1ea1n \u0110\u1ed3ng H\u00e0nh Ho\u00e0n H\u1ea3o Tr\u00ean M\u1ecdi N\u1ebbo \u0110\u01b0\u1eddng<\/strong><\/h3>\n<p data-sourcepos=\"7:1-7:372\">T\u1eadn h\u01b0\u1edfng s\u1ef1 an t\u00e2m tuy\u1ec7t \u0111\u1ed1i v\u00e0 nh\u1eefng chuy\u1ebfn \u0111i m\u01b0\u1ee3t m\u00e0 v\u1edbi <strong>Garmin <a href=\"https:\/\/gpsgarmin.vn\/?product=thiet-bi-dan-duong-drivesmart-55\">DriveSmart 55<\/a><\/strong>, thi\u1ebft b\u1ecb \u0111\u1ecbnh v\u1ecb GPS th\u00f4ng minh \u0111\u01b0\u1ee3c thi\u1ebft k\u1ebf \u0111\u1ec3 n\u00e2ng t\u1ea7m tr\u1ea3i nghi\u1ec7m l\u00e1i xe c\u1ee7a b\u1ea1n. V\u1edbi m\u00e0n h\u00ecnh l\u1edbn, s\u1eafc n\u00e9t c\u00f9ng v\u00f4 v\u00e0n t\u00ednh n\u0103ng ti\u00ean ti\u1ebfn, DriveSmart 55 s\u1ebd l\u00e0 ng\u01b0\u1eddi b\u1ea1n \u0111\u1ed3ng h\u00e0nh kh\u00f4ng th\u1ec3 thi\u1ebfu tr\u00ean m\u1ecdi h\u00e0nh tr\u00ecnh, t\u1eeb nh\u1eefng chuy\u1ebfn \u0111i h\u00e0ng ng\u00e0y \u0111\u1ebfn nh\u1eefng cu\u1ed9c phi\u00eau l\u01b0u kh\u00e1m ph\u00e1.<\/p>\n<p data-sourcepos=\"7:1-7:372\"><img decoding=\"async\" class=\"app__img-banner__img__desktop app__img-banner__img\" src=\"https:\/\/res.garmin.com\/en\/products\/010-02036-06\/g\/26844-D-1-e06a550f-3c69-4f8a-bb9f-5bd07cac5ea5.jpg\" alt=\"\" \/><\/p>\n<p data-sourcepos=\"9:1-10:317\"><strong>M\u00e0n H\u00ecnh R\u1ed9ng R\u00e3i, D\u1ec5 D\u00e0ng Quan S\u00e1t:<\/strong> Garmin <a href=\"https:\/\/gpsgarmin.vn\/?product=thiet-bi-dan-duong-drivesmart-55\">DriveSmart 55<\/a> \u0111\u01b0\u1ee3c trang b\u1ecb m\u00e0n h\u00ecnh c\u1ea3m \u1ee9ng 5,5 inch l\u1edbn v\u00e0 s\u00e1ng, cho ph\u00e9p b\u1ea1n d\u1ec5 d\u00e0ng quan s\u00e1t b\u1ea3n \u0111\u1ed3, h\u01b0\u1edbng d\u1eabn ch\u1ec9 \u0111\u01b0\u1eddng v\u00e0 c\u00e1c th\u00f4ng tin quan tr\u1ecdng kh\u00e1c. Giao di\u1ec7n tr\u1ef1c quan, d\u1ec5 \u0111\u1ecdc \u0111\u1ea3m b\u1ea3o b\u1ea1n lu\u00f4n n\u1eafm b\u1eaft \u0111\u01b0\u1ee3c t\u00ecnh h\u00ecnh giao th\u00f4ng v\u00e0 h\u01b0\u1edbng \u0111i m\u1ed9t c\u00e1ch nhanh ch\u00f3ng, ngay c\u1ea3 trong \u0111i\u1ec1u ki\u1ec7n \u00e1nh s\u00e1ng m\u1ea1nh.<\/p>\n<p data-sourcepos=\"12:1-13:357\"><strong>C\u1eadp Nh\u1eadt Giao Th\u00f4ng v\u00e0 B\u1ea3n \u0110\u1ed3 Tr\u1ecdn \u0110\u1eddi \u2013 Lu\u00f4n \u0110i \u0110\u00fang H\u01b0\u1edbng:<\/strong> Kh\u00f4ng c\u00f2n lo l\u1eafng v\u1ec1 nh\u1eefng con \u0111\u01b0\u1eddng m\u1edbi hay t\u1eafc ngh\u1ebdn giao th\u00f4ng b\u1ea5t ng\u1edd. <a href=\"https:\/\/gpsgarmin.vn\/?product=thiet-bi-dan-duong-drivesmart-55\">DriveSmart 55<\/a> \u0111i k\u00e8m v\u1edbi <strong>c\u1eadp nh\u1eadt giao th\u00f4ng v\u00e0 b\u1ea3n \u0111\u1ed3 tr\u1ecdn \u0111\u1eddi mi\u1ec5n ph\u00ed<\/strong>, bao g\u1ed3m b\u1ea3n \u0111\u1ed3 chi ti\u1ebft c\u1ee7a B\u1eafc M\u1ef9. \u0110i\u1ec1u n\u00e0y \u0111\u1ea3m b\u1ea3o b\u1ea1n lu\u00f4n c\u00f3 th\u00f4ng tin m\u1edbi nh\u1ea5t v\u1ec1 \u0111\u01b0\u1eddng x\u00e1, \u0111i\u1ec3m \u0111\u1ebfn v\u00e0 \u0111i\u1ec1u ki\u1ec7n giao th\u00f4ng, gi\u00fap b\u1ea1n tr\u00e1nh \u0111\u01b0\u1ee3c nh\u1eefng t\u00ecnh hu\u1ed1ng kh\u00f4ng mong mu\u1ed1n v\u00e0 \u0111\u1ebfn n\u01a1i \u0111\u00fang gi\u1edd.<\/p>\n<p data-sourcepos=\"15:1-16:178\"><strong>L\u00e1i Xe An To\u00e0n H\u01a1n V\u1edbi C\u1ea3nh B\u00e1o Ng\u01b0\u1eddi L\u00e1i:<\/strong> An to\u00e0n lu\u00f4n l\u00e0 \u01b0u ti\u00ean h\u00e0ng \u0111\u1ea7u. Garmin <a href=\"https:\/\/gpsgarmin.vn\/?product=thiet-bi-dan-duong-drivesmart-55\">DriveSmart 55<\/a> \u0111\u01b0\u1ee3c t\u00edch h\u1ee3p c\u00e1c <strong>c\u1ea3nh b\u00e1o ng\u01b0\u1eddi l\u00e1i th\u00f4ng minh<\/strong> \u0111\u1ec3 khuy\u1ebfn kh\u00edch th\u00f3i quen l\u00e1i xe an to\u00e0n h\u01a1n. C\u00e1c c\u1ea3nh b\u00e1o n\u00e0y bao g\u1ed3m:<\/p>\n<ul data-sourcepos=\"17:1-21:0\">\n<li data-sourcepos=\"17:1-17:71\"><strong>Thay \u0111\u1ed5i gi\u1edbi h\u1ea1n t\u1ed1c \u0111\u1ed9:<\/strong> Gi\u00fap b\u1ea1n lu\u00f4n tu\u00e2n th\u1ee7 t\u1ed1c \u0111\u1ed9 cho ph\u00e9p.<\/li>\n<li data-sourcepos=\"18:1-18:80\"><strong>\u0110\u01b0\u1eddng cong nguy hi\u1ec3m ph\u00eda tr\u01b0\u1edbc:<\/strong> Chu\u1ea9n b\u1ecb s\u1eb5n s\u00e0ng cho nh\u1eefng kh\u00fac cua g\u1ea5p.<\/li>\n<li data-sourcepos=\"19:1-19:86\"><strong>Giao c\u1eaft \u0111\u01b0\u1eddng s\u1eaft v\u00e0 tr\u01b0\u1eddng h\u1ecdc:<\/strong> N\u00e2ng cao c\u1ea3nh gi\u00e1c t\u1ea1i nh\u1eefng khu v\u1ef1c nh\u1ea1y c\u1ea3m.<\/li>\n<li data-sourcepos=\"20:1-21:0\"><strong>C\u1ea3nh b\u00e1o m\u1ec7t m\u1ecfi:<\/strong> Nh\u1eafc nh\u1edf b\u1ea1n ngh\u1ec9 ng\u01a1i sau nh\u1eefng ch\u1eb7ng \u0111\u01b0\u1eddng d\u00e0i.<\/li>\n<\/ul>\n<p data-sourcepos=\"22:1-23:317\"><strong>Thao T\u00e1c R\u1ea3nh Tay Ti\u1ec7n L\u1ee3i V\u1edbi Tr\u1ee3 L\u00fd Gi\u1ecdng N\u00f3i v\u00e0 G\u1ecdi \u0110i\u1ec7n Tho\u1ea1i:<\/strong> T\u1eadn h\u01b0\u1edfng s\u1ef1 ti\u1ec7n l\u1ee3i t\u1ed1i \u0111a v\u1edbi kh\u1ea3 n\u0103ng \u0111i\u1ec1u khi\u1ec3n thi\u1ebft b\u1ecb b\u1eb1ng gi\u1ecdng n\u00f3i. Ch\u1ec9 c\u1ea7n n\u00f3i l\u1ec7nh, b\u1ea1n c\u00f3 th\u1ec3 t\u00ecm ki\u1ebfm \u0111\u1ecba \u0111i\u1ec3m, thay \u0111\u1ed5i c\u00e0i \u0111\u1eb7t m\u00e0 kh\u00f4ng c\u1ea7n r\u1eddi tay kh\u1ecfi v\u00f4 l\u0103ng. B\u00ean c\u1ea1nh \u0111\u00f3, <a href=\"https:\/\/gpsgarmin.vn\/?product=thiet-bi-dan-duong-drivesmart-55\">DriveSmart 55<\/a> c\u00f2n h\u1ed7 tr\u1ee3 <strong>k\u1ebft n\u1ed1i Bluetooth \u0111\u1ec3 g\u1ecdi \u0111i\u1ec7n tho\u1ea1i r\u1ea3nh tay<\/strong>, gi\u00fap b\u1ea1n duy tr\u00ec li\u00ean l\u1ea1c an to\u00e0n trong khi l\u00e1i xe.<\/p>\n<p data-sourcepos=\"25:1-26:80\"><strong>Kh\u00e1m Ph\u00e1 Th\u1ebf Gi\u1edbi V\u1edbi D\u1eef Li\u1ec7u \u0110\u1ecba \u0110i\u1ec3m Phong Ph\u00fa:<\/strong> Bi\u1ebfn m\u1ed7i chuy\u1ebfn \u0111i th\u00e0nh m\u1ed9t cu\u1ed9c phi\u00eau l\u01b0u kh\u00e1m ph\u00e1 v\u1edbi c\u00e1c t\u00ednh n\u0103ng t\u00edch h\u1ee3p:<\/p>\n<ul data-sourcepos=\"27:1-30:0\">\n<li data-sourcepos=\"27:1-27:117\"><strong>C\u01a1 s\u1edf d\u1eef li\u1ec7u L\u1ecaCH S\u1eec\u00ae:<\/strong> Kh\u00e1m ph\u00e1 nh\u1eefng c\u00e2u chuy\u1ec7n th\u00fa v\u1ecb t\u1ea1i c\u00e1c \u0111\u1ecba \u0111i\u1ec3m l\u1ecbch s\u1eed \u0111\u00e1ng ch\u00fa \u00fd tr\u00ean kh\u1eafp n\u01b0\u1edbc M\u1ef9.<\/li>\n<li data-sourcepos=\"28:1-28:135\"><strong>X\u1ebfp h\u1ea1ng kh\u00e1ch du l\u1ecbch t\u1eeb TripAdvisor\u00ae:<\/strong> T\u00ecm ki\u1ebfm c\u00e1c kh\u00e1ch s\u1ea1n, nh\u00e0 h\u00e0ng, \u0111i\u1ec3m tham quan \u0111\u01b0\u1ee3c \u0111\u00e1nh gi\u00e1 cao b\u1edfi c\u1ed9ng \u0111\u1ed3ng du l\u1ecbch.<\/li>\n<li data-sourcepos=\"29:1-30:0\"><strong>Danh m\u1ee5c c\u00f4ng vi\u00ean qu\u1ed1c gia c\u1ee7a Hoa K\u1ef3:<\/strong> D\u1ec5 d\u00e0ng t\u00ecm ki\u1ebfm v\u00e0 l\u00ean k\u1ebf ho\u1ea1ch cho chuy\u1ebfn th\u0103m c\u00e1c c\u00f4ng vi\u00ean qu\u1ed1c gia h\u00f9ng v\u0129.<\/li>\n<\/ul>\n<p data-sourcepos=\"31:1-32:346\"><strong>C\u1eadp Nh\u1eadt Kh\u00f4ng D\u00e2y Thu\u1eadn Ti\u1ec7n Qua Wi-Fi\u00ae:<\/strong> Qu\u00ean \u0111i vi\u1ec7c k\u1ebft n\u1ed1i v\u1edbi m\u00e1y t\u00ednh! V\u1edbi <strong>c\u00f4ng ngh\u1ec7 Wi-Fi\u00ae t\u00edch h\u1ee3p<\/strong>, Garmin <a href=\"https:\/\/gpsgarmin.vn\/?product=thiet-bi-dan-duong-drivesmart-55\">DriveSmart 55<\/a> cho ph\u00e9p b\u1ea1n c\u1eadp nh\u1eadt b\u1ea3n \u0111\u1ed3 v\u00e0 ph\u1ea7n m\u1ec1m thi\u1ebft b\u1ecb kh\u00f4ng d\u00e2y. Ch\u1ec9 c\u1ea7n k\u1ebft n\u1ed1i v\u1edbi m\u1ea1ng Wi-Fi, thi\u1ebft b\u1ecb s\u1ebd t\u1ef1 \u0111\u1ed9ng t\u1ea3i xu\u1ed1ng c\u00e1c b\u1ea3n c\u1eadp nh\u1eadt m\u1edbi nh\u1ea5t, \u0111\u1ea3m b\u1ea3o b\u1ea1n lu\u00f4n c\u00f3 th\u00f4ng tin ch\u00ednh x\u00e1c v\u00e0 t\u00ednh n\u0103ng t\u1ed1i \u01b0u m\u00e0 kh\u00f4ng c\u1ea7n b\u1ea5t k\u1ef3 d\u00e2y c\u00e1p hay ph\u1ea7n m\u1ec1m n\u00e0o.<\/p>\n<div class=\"app__img-banner app__life-style__img-con\"><img decoding=\"async\" class=\"app__img-banner__img__desktop app__img-banner__img\" src=\"https:\/\/res.garmin.com\/en\/products\/010-02037-02\/g\/26852-D-222-c6023de4-f7c7-41b8-8af9-6e41747822f0.jpg\" alt=\"\" \/><\/div>\n","protected":false},"excerpt":{"rendered":"<p><strong>\u2282\u2329 B\u1ea2O H\u00c0NH CH\u00cdNH H\u00c3NG 2 N\u0102M \u232a\u2283<\/strong><\/p>\n<p><strong>\u260e Li\u00ean h\u1ec7 t\u01b0 v\u1ea5n : 0972 658 351 \u2013\u00a0 0962 846 820 (g\u1ecdi tr\u1ef1c ti\u1ebfp ho\u1eb7c Zalo).<\/strong><\/p>\n","protected":false},"featured_media":3268,"comment_status":"open","ping_status":"closed","template":"","meta":[],"product_cat":[36],"product_tag":[],"class_list":{"0":"post-3266","1":"product","2":"type-product","3":"status-publish","4":"has-post-thumbnail","6":"product_cat-gps-dan-duong-oto","8":"first","9":"instock","10":"shipping-taxable","11":"purchasable","12":"product-type-simple"},"_links":{"self":[{"href":"https:\/\/gpsgarmin.vn\/index.php?rest_route=\/wp\/v2\/product\/3266","targetHints":{"allow":["GET"]}}],"collection":[{"href":"https:\/\/gpsgarmin.vn\/index.php?rest_route=\/wp\/v2\/product"}],"about":[{"href":"https:\/\/gpsgarmin.vn\/index.php?rest_route=\/wp\/v2\/types\/product"}],"replies":[{"embeddable":true,"href":"https:\/\/gpsgarmin.vn\/index.php?rest_route=%2Fwp%2Fv2%2Fcomments&post=3266"}],"version-history":[{"count":20,"href":"https:\/\/gpsgarmin.vn\/index.php?rest_route=\/wp\/v2\/product\/3266\/revisions"}],"predecessor-version":[{"id":3272,"href":"https:\/\/gpsgarmin.vn\/index.php?rest_route=\/wp\/v2\/product\/3266\/revisions\/3272"}],"wp:featuredmedia":[{"embeddable":true,"href":"https:\/\/gpsgarmin.vn\/index.php?rest_route=\/wp\/v2\/media\/3268"}],"wp:attachment":[{"href":"https:\/\/gpsgarmin.vn\/index.php?rest_route=%2Fwp%2Fv2%2Fmedia&parent=3266"}],"wp:term":[{"taxonomy":"product_cat","embeddable":true,"href":"https:\/\/gpsgarmin.vn\/index.php?rest_route=%2Fwp%2Fv2%2Fproduct_cat&post=3266"},{"taxonomy":"product_tag","embeddable":true,"href":"https:\/\/gpsgarmin.vn\/index.php?rest_route=%2Fwp%2Fv2%2Fproduct_tag&post=3266"}],"curies":[{"name":"wp","href":"https:\/\/api.w.org\/{rel}","templated":true}]}}