{"id":3,"date":"2025-05-19T03:15:59","date_gmt":"2025-05-19T03:15:59","guid":{"rendered":"http:\/\/demo.garminvietnam.vn\/?page_id=3"},"modified":"2025-07-11T10:04:30","modified_gmt":"2025-07-11T03:04:30","slug":"chinh-sach-bao-mat","status":"publish","type":"page","link":"https:\/\/gpsgarmin.vn\/?page_id=3","title":{"rendered":"Ch\u00ednh s\u00e1ch b\u1ea3o m\u1eadt"},"content":{"rendered":"\t\t<div data-elementor-type=\"wp-page\" data-elementor-id=\"3\" class=\"elementor elementor-3\">\n\t\t\t\t<div class=\"elementor-element elementor-element-256f1a6f e-flex e-con-boxed e-con e-parent\" data-id=\"256f1a6f\" data-element_type=\"container\" data-e-type=\"container\">\n\t\t\t\t\t<div class=\"e-con-inner\">\n\t\t\t\t<div class=\"elementor-element elementor-element-c093e96 elementor-widget elementor-widget-text-editor\" data-id=\"c093e96\" data-element_type=\"widget\" data-e-type=\"widget\" data-widget_type=\"text-editor.default\">\n\t\t\t\t<div class=\"elementor-widget-container\">\n\t\t\t\t\t\t\t\t\t\n<div class=\"heading-pageDetail\">\n<h1 class=\"wp-block-heading\">Ch\u00ednh s\u00e1ch b\u1ea3o m\u1eadt th\u00f4ng tin<\/h1>\n<\/div>\n<div class=\"content-pageDetail typeList-style\">\n<p><strong>1. Gi\u1edbi thi\u1ec7u:<\/strong><\/p>\n<ul>\n<li>Website gpsgarmin.vn\u00a0\u0111\u01b0\u1ee3c qu\u1ea3n tr\u1ecb b\u1edfi C\u00f4ng ty TNHH B\u00ecnh Hy, l\u00e0 m\u1ed9t k\u00eanh b\u00e1n h\u00e0ng tr\u1ef1c tuy\u1ebfn \u0111\u01b0\u1ee3c x\u00e2y d\u1ef1ng tr\u00ean n\u1ec1n t\u1ea3ng website. B\u00ecnh Hy chuy\u00ean ph\u00e2n ph\u1ed1i c\u00e1c m\u1eb7t h\u00e0ng thi\u1ebft b\u1ecb \u0111i\u1ec7n t\u1eed vi\u1ec5n th\u00f4ng, M\u00e1y \u0111\u1ecbnh v\u1ecb GPS, \u0110\u1ed3ng h\u1ed3 th\u00f4ng minh, theo d\u00f5i s\u1ee9c kh\u1ecfe, Camera, D\u1ecbch v\u1ee5 ph\u1ea7n m\u1ec1m, c\u00e1c lo\u1ea1i ph\u1ee5 ki\u1ec7n GPS, ph\u1ee5 ki\u1ec7n \u0111\u1ed3ng h\u1ed3, ph\u1ee5 ki\u1ec7n camera&#8230; v\u1edbi ch\u1ea5t l\u01b0\u1ee3ng v\u00e0 gi\u00e1 th\u00e0nh t\u1ed1t nh\u1ea5t tr\u00ean th\u1ecb tr\u01b0\u1eddng \u0111\u1ebfn ng\u01b0\u1eddi ti\u00eau d\u00f9ng. B\u00ecnh Hy cam k\u00ea\u0301t mang \u0111\u00ea\u0301n ca\u0301c sa\u0309n ph\u00e2\u0309m chi\u0301nh ha\u0303ng, uy ti\u0301n, ba\u0309o ha\u0300nh theo chi\u0301nh sa\u0301ch cu\u0309a nh\u00e0 s\u1ea3n xu\u1ea5t. Sau \u0111\u00e2y \u0111\u01b0\u1ee3c g\u1ecdi l\u00e0 \u201cD\u1ecbch v\u1ee5\u201d.<\/li>\n<li>Ch\u00ednh S\u00e1ch B\u1ea3o M\u1eadt n\u00e0y \u0111\u01b0\u1ee3c t\u1ea1o ra nh\u1eb1m cung c\u1ea5p c\u00e1c th\u00f4ng tin t\u1ed5ng qu\u00e1t v\u1ec1 vi\u1ec7c Ch\u00fang t\u00f4i s\u1ebd thu th\u1eadp, s\u1eed d\u1ee5ng, ti\u1ebft l\u1ed9 ho\u1eb7c x\u1eed l\u00fd c\u00e1c d\u1eef li\u1ec7u c\u00e1 nh\u00e2n m\u00e0 B\u1ea1n \u0111\u00e3 cung c\u1ea5p cho Ch\u00fang t\u00f4i nh\u01b0 th\u1ebf n\u00e0o.<\/li>\n<li>Xin vui l\u00f2ng \u0111\u1ecdc Ch\u00ednh S\u00e1ch B\u1ea3o M\u1eadt m\u1ed9t c\u00e1ch c\u1ea9n th\u1eadn. N\u1ebfu B\u1ea1n c\u00f3 b\u1ea5t k\u1ef3 c\u00e2u h\u1ecfi li\u00ean quan \u0111\u1ebfn c\u00e1c th\u00f4ng tin n\u00e0y ho\u1eb7c th\u1ef1c ti\u1ec5n b\u1ea3o m\u1eadt c\u1ee7a Ch\u00fang t\u00f4i, xin vui l\u00f2ng xem ph\u1ea7n \u201cTh\u1eafc m\u1eafc? Li\u00ean h\u1ec7 v\u1edbi Ch\u00fang t\u00f4i\u201d \u1edf ph\u1ea7n cu\u1ed1i c\u1ee7a Ch\u00ednh S\u00e1ch B\u1ea3o M\u1eadt n\u00e0y.<\/li>\n<li>B\u1eb1ng c\u00e1ch s\u1eed d\u1ee5ng D\u1ecbch V\u1ee5, \u0111\u0103ng k\u00fd t\u00e0i kho\u1ea3n v\u1edbi Ch\u00fang t\u00f4i, gh\u00e9 th\u0103m Trang web, ho\u1eb7c truy c\u1eadp v\u00e0o D\u1ecbch v\u1ee5, B\u1ea1n \u0111\u00e3 th\u1eeba nh\u1eadn v\u00e0 \u0111\u1ed3ng \u00fd c\u00e1c y\u00eau c\u1ea7u, v\u00e0\/ho\u1eb7c c\u00e1c Ch\u00ednh S\u00e1ch, th\u1ef1c ti\u1ec5n \u00e1p d\u1ee5ng n\u00eau trong Ch\u00ednh S\u00e1ch B\u1ea3o M\u1eadt n\u00e0y, v\u00e0 B\u1ea1n \u0111\u1ed3ng \u00fd v\u1edbi Ch\u00fang t\u00f4i v\u1ec1 vi\u1ec7c thu th\u1eadp, s\u1eed d\u1ee5ng, ti\u1ebft l\u1ed9 v\u00e0\/ho\u1eb7c x\u1eed l\u00fd d\u1eef li\u1ec7u c\u00e1 nh\u00e2n c\u1ee7a B\u1ea1n theo c\u00e1ch \u0111\u01b0\u1ee3c m\u00f4 t\u1ea3 trong t\u00e0i li\u1ec7u n\u00e0y. N\u1ebeU B\u1ea0N KH\u00d4NG \u0110\u1ed2NG \u00dd V\u1edaI CH\u00cdNH S\u00c1CH B\u1ea2O M\u1eacT N\u00c0Y, VUI L\u00d2NG KH\u00d4NG HO\u1eb6C NG\u1eeaNG S\u1eec D\u1ee4NG D\u1ecaCH V\u1ee4 C\u1ee6A CH\u00daNG T\u00d4I. N\u1ebfu Ch\u00fang t\u00f4i thay \u0111\u1ed5i Ch\u00ednh S\u00e1ch B\u1ea3o M\u1eadt, Ch\u00fang t\u00f4i s\u1ebd c\u1eadp nh\u1eadt thay \u0111\u1ed5i ho\u1eb7c s\u1eeda \u0111\u1ed5i \u0111\u00f3 tr\u00ean Website c\u1ee7a Ch\u00fang t\u00f4i. Ch\u00fang t\u00f4i b\u1ea3o l\u01b0u quy\u1ec1n s\u1eeda \u0111\u1ed5i Ch\u00ednh S\u00e1ch B\u1ea3o M\u1eadt n\u00e0y v\u00e0o b\u1ea5t c\u1ee9 l\u00fac n\u00e0o.<\/li>\n<\/ul>\n<p><strong>2. M\u1ee5c \u0111\u00edch thu th\u1eadp th\u00f4ng tin c\u00e1 nh\u00e2n:<\/strong><\/p>\n<ul>\n<li>Vi\u1ec7c thu th\u1eadp d\u1eef li\u1ec7u ch\u1ee7 y\u1ebfu tr\u00ean website gpsgarmin.vn bao g\u1ed3m: email, \u0111i\u1ec7n tho\u1ea1i, t\u00ean \u0111\u0103ng nh\u1eadp, m\u1eadt kh\u1ea9u \u0111\u0103ng nh\u1eadp, \u0111\u1ecba ch\u1ec9 kh\u00e1ch h\u00e0ng (th\u00e0nh vi\u00ean). \u0110\u00e2y l\u00e0 c\u00e1c th\u00f4ng tin m\u00e0 gpsgarmin.vn\u00a0c\u1ea7n th\u00e0nh vi\u00ean cung c\u1ea5p b\u1eaft bu\u1ed9c khi \u0111\u0103ng k\u00fd s\u1eed d\u1ee5ng d\u1ecbch v\u1ee5 v\u00e0 \u0111\u1ec3 gpsgarmin.vn li\u00ean h\u1ec7 x\u00e1c nh\u1eadn khi kh\u00e1ch h\u00e0ng \u0111\u0103ng k\u00fd s\u1eed d\u1ee5ng d\u1ecbch v\u1ee5 tr\u00ean website nh\u1eb1m \u0111\u1ea3m b\u1ea3o quy\u1ec1n l\u1ee3i cho cho kh\u00e1ch h\u00e0ng.<\/li>\n<li>Trong qu\u00e1 tr\u00ecnh giao d\u1ecbch thanh to\u00e1n t\u1ea1i website gpsgarmin.vn, ch\u00fang t\u00f4i ch\u1ec9 l\u01b0u gi\u1eef th\u00f4ng tin chi ti\u1ebft v\u1ec1 \u0111\u01a1n h\u00e0ng \u0111\u00e3 thanh to\u00e1n c\u1ee7a th\u00e0nh vi\u00ean, c\u00e1c th\u00f4ng tin v\u1ec1 s\u1ed1 t\u00e0i kho\u1ea3n ng\u00e2n h\u00e0ng c\u1ee7a th\u00e0nh vi\u00ean s\u1ebd kh\u00f4ng \u0111\u01b0\u1ee3c l\u01b0u gi\u1eef.<\/li>\n<li>C\u00e1c th\u00e0nh vi\u00ean s\u1ebd t\u1ef1 ch\u1ecbu tr\u00e1ch nhi\u1ec7m v\u1ec1 b\u1ea3o m\u1eadt v\u00e0 l\u01b0u gi\u1eef m\u1ecdi ho\u1ea1t \u0111\u1ed9ng s\u1eed d\u1ee5ng d\u1ecbch v\u1ee5 d\u01b0\u1edbi t\u00ean \u0111\u0103ng k\u00fd, m\u1eadt kh\u1ea9u v\u00e0 h\u1ed9p th\u01b0 \u0111i\u1ec7n t\u1eed c\u1ee7a m\u00ecnh. Ngo\u00e0i ra, th\u00e0nh vi\u00ean c\u00f3 tr\u00e1ch nhi\u1ec7m th\u00f4ng b\u00e1o k\u1ecbp th\u1eddi cho webiste gpsgarmin.vn\u00a0v\u1ec1 nh\u1eefng h\u00e0nh vi s\u1eed d\u1ee5ng tr\u00e1i ph\u00e9p, l\u1ea1m d\u1ee5ng, vi ph\u1ea1m b\u1ea3o m\u1eadt, l\u01b0u gi\u1eef t\u00ean \u0111\u0103ng k\u00fd v\u00e0 m\u1eadt kh\u1ea9u c\u1ee7a b\u00ean th\u1ee9 ba \u0111\u1ec3 c\u00f3 bi\u1ec7n ph\u00e1p gi\u1ea3i quy\u1ebft ph\u00f9 h\u1ee3p.<\/li>\n<\/ul>\n<p><strong>3. Ph\u1ea1m vi s\u1eed d\u1ee5ng th\u00f4ng tin:<\/strong><\/p>\n<p>C\u00f4ng ty s\u1eed d\u1ee5ng th\u00f4ng tin th\u00e0nh vi\u00ean cung c\u1ea5p \u0111\u1ec3:<\/p>\n<ul>\n<li>Cung c\u1ea5p c\u00e1c d\u1ecbch v\u1ee5 \u0111\u1ebfn kh\u00e1ch h\u00e0ng; li\u00ean quan \u0111\u1ebfn\u00a0vi\u1ec7c v\u1eadn chuy\u1ec3n h\u00e0ng h\u00f3a, thanh to\u00e1n ho\u1eb7c b\u1ed3i ho\u00e0n. V\u00ec th\u1ebf th\u00f4ng tin th\u00e0nh vi\u00ean cung c\u1ea5p c\u1ea7n ph\u1ea3i ch\u00ednh x\u00e1c.<\/li>\n<li>G\u1eedi c\u00e1c th\u00f4ng b\u00e1o v\u1ec1 c\u00e1c ho\u1ea1t \u0111\u1ed9ng trao \u0111\u1ed5i th\u00f4ng tin gi\u1eefa th\u00e0nh vi\u00ean v\u00e0 website gpsgarmin.vn<\/li>\n<li>Ng\u0103n ng\u1eeba c\u00e1c ho\u1ea1t \u0111\u1ed9ng ph\u00e1 h\u1ee7y t\u00e0i kho\u1ea3n ng\u01b0\u1eddi d\u00f9ng c\u1ee7a th\u00e0nh vi\u00ean ho\u1eb7c c\u00e1c ho\u1ea1t \u0111\u1ed9ng gi\u1ea3 m\u1ea1o th\u00e0nh vi\u00ean;<\/li>\n<li>Li\u00ean l\u1ea1c v\u00e0 gi\u1ea3i quy\u1ebft v\u1edbi th\u00e0nh vi\u00ean trong nh\u1eefng tr\u01b0\u1eddng h\u1ee3p \u0111\u1eb7c bi\u1ec7t.<\/li>\n<li>Kh\u00f4ng s\u1eed d\u1ee5ng th\u00f4ng tin c\u00e1 nh\u00e2n c\u1ee7a th\u00e0nh vi\u00ean ngo\u00e0i m\u1ee5c \u0111\u00edch x\u00e1c nh\u1eadn v\u00e0 li\u00ean h\u1ec7 c\u00f3 li\u00ean quan \u0111\u1ebfn giao d\u1ecbch t\u1ea1i gpsgarmin.vn<\/li>\n<li>Trong tr\u01b0\u1eddng h\u1ee3p c\u00f3 y\u00eau c\u1ea7u c\u1ee7a ph\u00e1p lu\u1eadt: C\u00f4ng ty c\u00f3 tr\u00e1ch nhi\u1ec7m h\u1ee3p t\u00e1c cung c\u1ea5p th\u00f4ng tin c\u00e1 nh\u00e2n th\u00e0nh vi\u00ean khi c\u00f3 y\u00eau c\u1ea7u t\u1eeb c\u01a1 quan t\u01b0 ph\u00e1p bao g\u1ed3m: Vi\u1ec7n ki\u1ec3m s\u00e1t, t\u00f2a \u00e1n, c\u01a1 quan c\u00f4ng an \u0111i\u1ec1u tra li\u00ean quan \u0111\u1ebfn h\u00e0nh vi vi ph\u1ea1m ph\u00e1p lu\u1eadt n\u00e0o \u0111\u00f3 c\u1ee7a kh\u00e1ch h\u00e0ng. Ngo\u00e0i ra, kh\u00f4ng ai c\u00f3 quy\u1ec1n x\u00e2m ph\u1ea1m v\u00e0o th\u00f4ng tin c\u00e1 nh\u00e2n c\u1ee7a th\u00e0nh vi\u00ean.<\/li>\n<\/ul>\n<p><strong>4. Th\u1eddi gian l\u01b0u tr\u1eef th\u00f4ng tin:<\/strong><\/p>\n<ul>\n<li>D\u1eef li\u1ec7u c\u00e1 nh\u00e2n c\u1ee7a th\u00e0nh vi\u00ean s\u1ebd \u0111\u01b0\u1ee3c l\u01b0u tr\u1eef cho \u0111\u1ebfn khi c\u00f3 y\u00eau c\u1ea7u h\u1ee7y b\u1ecf ho\u1eb7c t\u1ef1 th\u00e0nh vi\u00ean \u0111\u0103ng nh\u1eadp v\u00e0 th\u1ef1c hi\u1ec7n h\u1ee7y b\u1ecf. C\u00f2n l\u1ea1i trong m\u1ecdi tr\u01b0\u1eddng h\u1ee3p th\u00f4ng tin c\u00e1 nh\u00e2n th\u00e0nh vi\u00ean s\u1ebd \u0111\u01b0\u1ee3c b\u1ea3o m\u1eadt tr\u00ean m\u00e1y ch\u1ee7 c\u1ee7a gpsgarmin.vn.<\/li>\n<\/ul>\n<p><strong>5. \u0110\u1ecba ch\u1ec9 c\u1ee7a \u0111\u01a1n v\u1ecb thu th\u1eadp v\u00e0 qu\u1ea3n l\u00fd th\u00f4ng tin c\u00e1 nh\u00e2n:<\/strong><\/p>\n<ul>\n<li>C\u00f4ng Ty TNHH B\u00ecnh Hy<\/li>\n<li>\u0110\u1ecba ch\u1ec9:\u00a0 5\/18 (s\u1ed1 m\u1edbi 35\/15) Phan V\u0103n H\u1edbn, P.T\u00e2n Th\u1edbi Nh\u1ea5t, Q.12, Tp.HCM\u00a0<\/li>\n<li>Email: info@gpsgarmin.vn<\/li>\n<li>Hotline: 0962 846 820<\/li>\n<\/ul>\n<p><strong>6. Ph\u01b0\u01a1ng th\u1ee9c v\u00e0 c\u00f4ng c\u1ee5 \u0111\u1ec3 ng\u01b0\u1eddi d\u00f9ng ti\u1ebfp c\u1eadn v\u00e0 ch\u1ec9nh s\u1eeda d\u1eef li\u1ec7u c\u00e1 nh\u00e2n c\u1ee7a m\u00ecnh:<\/strong><\/p>\n<ul>\n<li>Th\u00e0nh vi\u00ean c\u00f3 quy\u1ec1n t\u1ef1 ki\u1ec3m tra, c\u1eadp nh\u1eadt, \u0111i\u1ec1u ch\u1ec9nh ho\u1eb7c h\u1ee7y b\u1ecf th\u00f4ng tin c\u00e1 nh\u00e2n c\u1ee7a m\u00ecnh b\u1eb1ng c\u00e1ch \u0111\u0103ng nh\u1eadp v\u00e0o t\u00e0i kho\u1ea3n v\u00e0 ch\u1ec9nh s\u1eeda th\u00f4ng tin c\u00e1 nh\u00e2n ho\u1eb7c y\u00eau c\u1ea7u gpsgarmin.vn\u00a0th\u1ef1c hi\u1ec7n vi\u1ec7c n\u00e0y.<\/li>\n<li>Th\u00e0nh vi\u00ean c\u00f3 quy\u1ec1n g\u1eedi khi\u1ebfu n\u1ea1i v\u1ec1 ng\u01b0\u1eddi b\u00e1n \u0111\u1ebfn Ban qu\u1ea3n tr\u1ecb c\u1ee7a website gpsgarmin.vn. Khi ti\u1ebfp nh\u1eadn nh\u1eefng ph\u1ea3n h\u1ed3i n\u00e0y, gpsgarmin.vn\u00a0s\u1ebd x\u00e1c nh\u1eadn l\u1ea1i th\u00f4ng tin, tr\u01b0\u1eddng h\u1ee3p \u0111\u00fang nh\u01b0 ph\u1ea3n \u00e1nh c\u1ee7a th\u00e0nh vi\u00ean, t\u00f9y theo m\u1ee9c \u0111\u1ed9,\u00a0<a href=\"https:\/\/gpscity.vn\/\">https:\/\/gpscity.vn<\/a>\u00a0s\u1ebd c\u00f3 nh\u1eefng bi\u1ec7n ph\u00e1p x\u1eed l\u00fd k\u1ecbp th\u1eddi.<\/li>\n<\/ul>\n<p><strong>7. Cam k\u1ebft b\u1ea3o m\u1eadt th\u00f4ng tin kh\u00e1ch h\u00e0ng:<\/strong><\/p>\n<ul>\n<li>Th\u00f4ng tin c\u00e1 nh\u00e2n c\u1ee7a th\u00e0nh vi\u00ean tr\u00ean gpsgarmin.vn \u0111\u01b0\u1ee3c gpsgarmin.vn cam k\u1ebft b\u1ea3o m\u1eadt tuy\u1ec7t \u0111\u1ed1i theo ch\u00ednh s\u00e1ch b\u1ea3o v\u1ec7 th\u00f4ng tin c\u00e1 nh\u00e2n c\u1ee7a gpsgarmin.vn. Vi\u1ec7c thu th\u1eadp v\u00e0 s\u1eed d\u1ee5ng th\u00f4ng tin c\u1ee7a m\u1ed7i th\u00e0nh vi\u00ean ch\u1ec9 \u0111\u01b0\u1ee3c th\u1ef1c hi\u1ec7n khi c\u00f3 s\u1ef1 \u0111\u1ed3ng \u00fd c\u1ee7a kh\u00e1ch h\u00e0ng tr\u1eeb nh\u1eefng tr\u01b0\u1eddng h\u1ee3p ph\u00e1p lu\u1eadt c\u00f3 quy \u0111\u1ecbnh kh\u00e1c.<\/li>\n<li>Kh\u00f4ng s\u1eed d\u1ee5ng, kh\u00f4ng chuy\u1ec3n giao, cung c\u1ea5p hay ti\u1ebft l\u1ed9 cho b\u00ean th\u1ee9 3 n\u00e0o v\u1ec1 th\u00f4ng tin c\u00e1 nh\u00e2n c\u1ee7a th\u00e0nh vi\u00ean khi kh\u00f4ng c\u00f3 s\u1ef1 cho ph\u00e9p t\u1eeb th\u00e0nh vi\u00ean.<\/li>\n<li>Trong tr\u01b0\u1eddng h\u1ee3p m\u00e1y ch\u1ee7 l\u01b0u tr\u1eef th\u00f4ng tin b\u1ecb hacker t\u1ea5n c\u00f4ng d\u1eabn \u0111\u1ebfn m\u1ea5t m\u00e1t d\u1eef li\u1ec7u c\u00e1 nh\u00e2n th\u00e0nh vi\u00ean, gpsgarmin.vn\u00a0s\u1ebd c\u00f3 tr\u00e1ch nhi\u1ec7m th\u00f4ng b\u00e1o v\u1ee5 vi\u1ec7c cho c\u01a1 quan ch\u1ee9c n\u0103ng \u0111i\u1ec1u tra x\u1eed l\u00fd k\u1ecbp th\u1eddi v\u00e0 th\u00f4ng b\u00e1o cho th\u00e0nh vi\u00ean \u0111\u01b0\u1ee3c bi\u1ebft.<\/li>\n<li>B\u1ea3o m\u1eadt tuy\u1ec7t \u0111\u1ed1i m\u1ecdi th\u00f4ng tin giao d\u1ecbch tr\u1ef1c tuy\u1ebfn c\u1ee7a th\u00e0nh vi\u00ean bao g\u1ed3m th\u00f4ng tin h\u00f3a \u0111\u01a1n k\u1ebf to\u00e1n ch\u1ee9ng t\u1eeb s\u1ed1 h\u00f3a tr\u00ean gpsgarmin.vn.<\/li>\n<li>Ban qu\u1ea3n l\u00fd gpsgarmin.vn y\u00eau c\u1ea7u c\u00e1c c\u00e1 nh\u00e2n khi \u0111\u0103ng k\u00fd\/mua h\u00e0ng l\u00e0 Th\u00e0nh vi\u00ean, ph\u1ea3i cung c\u1ea5p \u0111\u1ea7y \u0111\u1ee7 th\u00f4ng tin c\u00e1 nh\u00e2n c\u00f3 li\u00ean quan nh\u01b0: H\u1ecd v\u00e0 t\u00ean, \u0111\u1ecba ch\u1ec9 li\u00ean l\u1ea1c, email, s\u1ed1 ch\u1ee9ng minh nh\u00e2n d\u00e2n, \u0111i\u1ec7n tho\u1ea1i, s\u1ed1 t\u00e0i kho\u1ea3n, s\u1ed1 th\u1ebb thanh to\u00e1n \u2026., v\u00e0 ch\u1ecbu tr\u00e1ch nhi\u1ec7m v\u1ec1 t\u00ednh ph\u00e1p l\u00fd c\u1ee7a nh\u1eefng th\u00f4ng tin tr\u00ean. Ban qu\u1ea3n l\u00fd gpsgarmin.vn\u00a0kh\u00f4ng ch\u1ecbu tr\u00e1ch nhi\u1ec7m c\u0169ng nh\u01b0 kh\u00f4ng gi\u1ea3i quy\u1ebft m\u1ecdi khi\u1ebfu n\u1ea1i c\u00f3 li\u00ean quan \u0111\u1ebfn quy\u1ec1n l\u1ee3i c\u1ee7a th\u00e0nh vi\u00ean \u0111\u00f3 n\u1ebfu x\u00e9t th\u1ea5y th\u00f4ng tin c\u00e1 nh\u00e2n c\u1ee7a th\u00e0nh vi\u00ean \u0111\u00f3 cung c\u1ea5p khi \u0111\u0103ng k\u00fd ban \u0111\u1ea7u l\u00e0 kh\u00f4ng ch\u00ednh x\u00e1c.<\/li>\n<\/ul>\n<div class=\"elementor-element elementor-element-632ff00 elementor-widget elementor-widget-heading\">\n<div class=\"elementor-widget-container\">\n<h5>8. C\u00e2u h\u1ecfi, th\u1eafc m\u1eafc ho\u1eb7c khi\u1ebfu n\u1ea1i &#8211; Li\u00ean h\u1ec7 v\u1edbi ch\u00fang t\u00f4i:\u00a0<\/h5>\n<p>N\u1ebfu B\u1ea1n c\u00f3 b\u1ea5t k\u1ef3 c\u00e2u h\u1ecfi ho\u1eb7c quan t\u00e2m v\u1ec1 vi\u1ec7c b\u1ea3o m\u1eadt c\u1ee7a Ch\u00fang t\u00f4i ho\u1eb7c c\u00e1c giao d\u1ecbch c\u1ee7a B\u1ea1n v\u1edbi c\u00e1c D\u1ecbch V\u1ee5, xin vui l\u00f2ng li\u00ean h\u1ec7:<\/p>\n<\/div>\n<\/div>\n<div class=\"elementor-element elementor-element-d785baf elementor-widget elementor-widget-text-editor\">\n<div class=\"elementor-widget-container\">\n<div class=\"elementor-text-editor elementor-clearfix\">\n<ul>\n<li>C\u00f4ng Ty TNHH B\u00ecnh Hy<\/li>\n<li>\u0110\u1ecba ch\u1ec9:\u00a0 5\/18 (s\u1ed1 m\u1edbi 35\/15) Phan V\u0103n H\u1edbn, P.T\u00e2n Th\u1edbi Nh\u1ea5t, Q.12, Tp.HCM\u00a0<\/li>\n<li>Email: info@gpsgarmin.vn<\/li>\n<li>Hotline: 0962 846 820<\/li>\n<\/ul>\n<p>N\u1ebfu B\u1ea1n c\u00f3 b\u1ea5t k\u1ef3 khi\u1ebfu n\u1ea1i li\u00ean quan \u0111\u1ebfn c\u00e1ch Ch\u00fang t\u00f4i \u0111ang x\u1eed l\u00fd d\u1eef li\u1ec7u c\u00e1 nh\u00e2n c\u1ee7a B\u1ea1n ho\u1eb7c v\u1ec1 c\u00e1ch th\u1ee9c Ch\u00fang t\u00f4i \u0111ang th\u1ef1c thi lu\u1eadt, Ch\u00fang t\u00f4i hoan ngh\u00eanh B\u1ea1n li\u00ean h\u1ec7 v\u1edbi Ch\u00fang t\u00f4i.<\/p>\n<p>N\u1ebfu B\u1ea1n g\u1eedi y\u00eau c\u1ea7u khi\u1ebfu n\u1ea1i th\u00f4ng qua th\u01b0 hay email, vui l\u00f2ng ghi th\u00f4ng tin v\u1ee5 khi\u1ebfu n\u1ea1i v\u1ec1 vi\u1ec7c \u00e1p d\u1ee5ng lu\u1eadt li\u00ean quan \u0111\u1ebfn an to\u00e0n th\u00f4ng tin c\u00e1 nh\u00e2n \u1edf m\u1ee5c ti\u00eau \u0111\u1ec1 th\u01b0. Vi\u1ec7c n\u00e0y s\u1ebd gi\u00fap Ch\u00fang t\u00f4i x\u1eed l\u00fd y\u00eau c\u1ea7u c\u1ee7a B\u1ea1n nhanh ch\u00f3ng b\u1eb1ng c\u00e1ch chuy\u1ec3n y\u00eau c\u1ea7u \u0111\u00f3 sang b\u1ed9 ph\u1eadn ch\u1ecbu tr\u00e1ch nhi\u1ec7m trong c\u00f4ng ty Ch\u00fang t\u00f4i \u0111\u1ec3 ti\u1ebfp t\u1ee5c x\u1eed l\u00fd. V\u00ed d\u1ee5, B\u1ea1n c\u00f3 th\u1ec3 th\u00eam v\u00e0o m\u1ee5c ti\u00eau \u0111\u1ec1 email\/th\u01b0 n\u1ed9i dung \u201cKhi\u1ebfu n\u1ea1i \u00e1p d\u1ee5ng lu\u1eadt\u201d.<\/p>\n<p>Ch\u00fang t\u00f4i s\u1ebd c\u1ed1 g\u1eafng \u0111\u1ec3 x\u1eed l\u00ed c\u00e1c ph\u00e0n n\u00e0n ho\u1eb7c khi\u1ebfu n\u1ea1i c\u1ee7a B\u1ea1n trong th\u1eddi gian s\u1edbm nh\u1ea5t c\u00f3 th\u1ec3.<\/p>\n<\/div>\n<\/div>\n<\/div>\n<\/div>\t\t\t\t\t\t\t\t<\/div>\n\t\t\t\t<\/div>\n\t\t\t\t\t<\/div>\n\t\t\t\t<\/div>\n\t\t\t\t<\/div>\n\t\t","protected":false},"excerpt":{"rendered":"<p>Ch\u00ednh s\u00e1ch b\u1ea3o m\u1eadt th\u00f4ng tin 1. Gi\u1edbi thi\u1ec7u: Website gpsgarmin.vn\u00a0\u0111\u01b0\u1ee3c qu\u1ea3n tr\u1ecb b\u1edfi C\u00f4ng ty TNHH B\u00ecnh Hy, l\u00e0 m\u1ed9t k\u00eanh b\u00e1n h\u00e0ng tr\u1ef1c tuy\u1ebfn \u0111\u01b0\u1ee3c x\u00e2y d\u1ef1ng tr\u00ean<\/p>\n","protected":false},"author":2,"featured_media":0,"parent":0,"menu_order":0,"comment_status":"closed","ping_status":"closed","template":"","meta":{"footnotes":""},"class_list":["post-3","page","type-page","status-publish","hentry"],"_links":{"self":[{"href":"https:\/\/gpsgarmin.vn\/index.php?rest_route=\/wp\/v2\/pages\/3","targetHints":{"allow":["GET"]}}],"collection":[{"href":"https:\/\/gpsgarmin.vn\/index.php?rest_route=\/wp\/v2\/pages"}],"about":[{"href":"https:\/\/gpsgarmin.vn\/index.php?rest_route=\/wp\/v2\/types\/page"}],"author":[{"embeddable":true,"href":"https:\/\/gpsgarmin.vn\/index.php?rest_route=\/wp\/v2\/users\/2"}],"replies":[{"embeddable":true,"href":"https:\/\/gpsgarmin.vn\/index.php?rest_route=%2Fwp%2Fv2%2Fcomments&post=3"}],"version-history":[{"count":12,"href":"https:\/\/gpsgarmin.vn\/index.php?rest_route=\/wp\/v2\/pages\/3\/revisions"}],"predecessor-version":[{"id":4717,"href":"https:\/\/gpsgarmin.vn\/index.php?rest_route=\/wp\/v2\/pages\/3\/revisions\/4717"}],"wp:attachment":[{"href":"https:\/\/gpsgarmin.vn\/index.php?rest_route=%2Fwp%2Fv2%2Fmedia&parent=3"}],"curies":[{"name":"wp","href":"https:\/\/api.w.org\/{rel}","templated":true}]}}